{"id":4763,"date":"2024-10-14T15:36:52","date_gmt":"2024-10-14T13:36:52","guid":{"rendered":"https:\/\/beeward.buzz\/?page_id=4763"},"modified":"2025-09-18T20:38:24","modified_gmt":"2025-09-18T18:38:24","slug":"nieokreslone-warunki-umowy","status":"publish","type":"page","link":"https:\/\/beeward.buzz\/pl\/altalanos-szerzodesi-feltetelek\/","title":{"rendered":"Og\u00f3lne warunki umowne"},"content":{"rendered":"<div data-elementor-type=\"wp-page\" data-elementor-id=\"4763\" class=\"elementor elementor-4763\" data-elementor-post-type=\"page\">\n\t\t\t\t<div class=\"elementor-element elementor-element-2f2f1b69 e-flex e-con-boxed e-con e-parent\" data-id=\"2f2f1b69\" data-element_type=\"container\" data-e-type=\"container\">\n\t\t\t\t\t<div class=\"e-con-inner\">\n\t\t\t\t<div class=\"elementor-element elementor-element-e09c3e1 elementor-widget elementor-widget-heading\" data-id=\"e09c3e1\" data-element_type=\"widget\" data-e-type=\"widget\" data-widget_type=\"heading.default\">\n\t\t\t\t<div class=\"elementor-widget-container\">\n\t\t\t\t\t<h2 class=\"elementor-heading-title elementor-size-default\">Og\u00f3lne warunki umowne<\/h2>\t\t\t\t<\/div>\n\t\t\t\t<\/div>\n\t\t\t\t<div class=\"elementor-element elementor-element-bd625ff elementor-widget elementor-widget-text-editor\" data-id=\"bd625ff\" data-element_type=\"widget\" data-e-type=\"widget\" data-widget_type=\"text-editor.default\">\n\t\t\t\t<div class=\"elementor-widget-container\">\n\t\t\t\t\t\t\t\t\t<p><\/p>\n<p>Obowi\u0105zuje: od 19.09.2025 r.<\/p>\n<p><\/p>\n<h2 class=\"wp-block-heading\"><strong>1) Dane dostawcy us\u0142ug<\/strong><\/h2>\n<p><\/p>\n<p>Nazwa przedsi\u0119biorstwa: Beeward Korl\u00e1tolt Felel\u0151ss\u00e9g\u0171 T\u00e1rsas\u00e1g<br>Siedziba g\u0142\u00f3wna: 7621 Pecz, Kazinczy utca 2.<br>Numer rejestracyjny firmy: 02-09-088628<br>Numer podatkowy: 32663871-2-02<br>Reprezentowany przez M\u00e1t\u00e9 Lovasa, dyrektora zarz\u0105dzaj\u0105cego<br>E-mail: hello@beeward.buzz<br>Strona internetowa: https:\/\/beeward.buzz<\/p>\n<p><\/p>\n<h2 class=\"wp-block-heading\"><strong>2) Przedmiot us\u0142ugi<\/strong><\/h2>\n<p><\/p>\n<p>Us\u0142ugodawca obs\u0142uguje oprogramowanie do motywacji i uznawania w miejscu pracy w domenie https:\/\/beeward.buzz.<br>(zwanej dalej Beeward) na zasadzie subskrypcji.<\/p>\n<p>Rejestruj\u0105c si\u0119 i akceptuj\u0105c niniejsze OWH, Klient staje si\u0119 uprawniony do korzystania z us\u0142ugi.<\/p>\n<p><\/p>\n<h2 class=\"wp-block-heading\"><strong>3. rozpocz\u0119cie \u015bwiadczenia us\u0142ugi i okres pr\u00f3bny<\/strong><\/h2>\n<p><\/p>\n<ul class=\"wp-block-list\"><p><\/p>\n<li>Data rozpocz\u0119cia \u015bwiadczenia us\u0142ugi przypada po rejestracji Klienta.<\/li>\n<p><\/p>\n<li>Us\u0142ugodawca zapewnia 10-dniowy okres pr\u00f3bny, kt\u00f3ry rozpoczyna si\u0119 w dniu pierwszego wprowadzenia do systemu wsp\u00f3\u0142pracownik\u00f3w zaproszonych przez Us\u0142ugobiorc\u0119.<\/li>\n<p><\/p>\n<li>W okresie pr\u00f3bnym us\u0142uga jest bezp\u0142atna.<\/li>\n<p><\/p>\n<li>Po zako\u0144czeniu okresu pr\u00f3bnego Us\u0142ugodawca wystawi pierwsz\u0105 faktur\u0119 na podstawie liczby aktualnie aktywnych u\u017cytkownik\u00f3w.<\/li>\n<p><\/p><\/ul>\n<p><\/p>\n<h2 class=\"wp-block-heading\"><strong>4) Wynagrodzenie i warunki p\u0142atno\u015bci<\/strong><\/h2>\n<p><\/p>\n<ul class=\"wp-block-list\"><p><\/p>\n<li>Op\u0142aty za us\u0142ug\u0119 s\u0105 publikowane na stronie Us\u0142ugodawcy z aktualnymi Pakietami: https:\/\/beeward.buzz\/csomagok.<\/li>\n<p><\/p>\n<li>W przypadku ponad 50 aktywnych u\u017cytkownik\u00f3w Us\u0142ugodawca z\u0142o\u017cy Klientowi indywidualn\u0105 ofert\u0119.<\/li>\n<p><\/p>\n<li>Klient mo\u017ce zdecydowa\u0107 si\u0119 na uiszczenie op\u0142aty jednorazowo w skali roku lub miesi\u0119cznie.<\/li>\n<p><\/p>\n<li>Je\u015bli u\u017cytkownik zdecyduje si\u0119 ui\u015bci\u0107 op\u0142at\u0119 roczn\u0105, Us\u0142ugodawca zaoferuje mu zni\u017ck\u0119, kt\u00f3ra zostanie okre\u015blona w ofercie.&nbsp;<\/li>\n<p><\/p>\n<li>W przypadku wybrania rozliczenia rocznego us\u0142uga nie mo\u017ce zosta\u0107 anulowana do ko\u0144ca op\u0142aconego okresu.<\/li>\n<p><\/p>\n<li>Us\u0142uga mo\u017ce zosta\u0107 anulowana w dowolnym momencie w przypadku rozlicze\u0144 miesi\u0119cznych.&nbsp;<\/li>\n<p><\/p>\n<li>W przypadku rozwi\u0105zania umowy Us\u0142ugodawca wystawi faktur\u0119 obejmuj\u0105c\u0105 op\u0142at\u0119 nale\u017cn\u0105 do dnia rozwi\u0105zania umowy, rozliczan\u0105 proporcjonalnie za u\u0142amek miesi\u0105ca.<\/li>\n<p><\/p>\n<li>Us\u0142ugodawca potwierdzi op\u0142at\u0119 faktur\u0105, kt\u00f3r\u0105 Klient zap\u0142aci przelewem bankowym w ci\u0105gu 8 dni od wystawienia faktury.<\/li>\n<p><\/p><\/ul>\n<p><\/p>\n<h2 class=\"wp-block-heading\"><strong>5) Op\u00f3\u017aniona p\u0142atno\u015b\u0107<\/strong><\/h2>\n<p><\/p>\n<p>W przypadku op\u00f3\u017anienia w p\u0142atno\u015bci Us\u0142ugodawca zastrzega sobie prawo do ograniczenia (zawieszenia) us\u0142ugi w ca\u0142o\u015bci lub w cz\u0119\u015bci po up\u0142ywie terminu p\u0142atno\u015bci faktury.<\/p>\n<p><\/p>\n<ul class=\"wp-block-list\"><p><\/p>\n<li>Op\u0142aty abonamentowe s\u0105 r\u00f3wnie\u017c p\u0142atne w okresie zawieszenia z powodu op\u00f3\u017anie\u0144 w p\u0142atno\u015bciach.<\/li>\n<p><\/p>\n<li>W okresie zawieszenia Us\u0142ugodawca b\u0119dzie nadal zapewnia\u0107 U\u017cytkownikowi:<br>\n<ul class=\"wp-block-list\"><p><\/p>\n<li>przechowywanie danych w systemie,<\/li>\n<p><\/p>\n<li>kopie zapasowe,<\/li>\n<p><\/p><\/ul>\n<p><\/p><\/li>\n<p><\/p>\n<li>Us\u0142ugodawca nie nalicza odr\u0119bnej op\u0142aty windykacyjnej ani odsetek za zw\u0142ok\u0119 za okres op\u00f3\u017anienia.<\/li>\n<p><\/p><\/ul>\n<p><\/p>\n<h2 class=\"wp-block-heading\"><strong>6) Anulowanie<\/strong><\/h2>\n<p><\/p>\n<ul class=\"wp-block-list\"><p><\/p>\n<li>W przypadku rozlicze\u0144 miesi\u0119cznych Klient jest uprawniony do wypowiedzenia us\u0142ugi w dowolnym momencie.<\/li>\n<p><\/p>\n<li>W przypadku p\u0142atno\u015bci rocznej Klient jest uprawniony do korzystania z us\u0142ugi do ko\u0144ca op\u0142aconego okresu, bez mo\u017cliwo\u015bci wcze\u015bniejszego wypowiedzenia.<\/li>\n<p><\/p><\/ul>\n<p><\/p>\n<h2 class=\"wp-block-heading\"><strong>7 Wy\u0142\u0105czenie i ograniczenie odpowiedzialno\u015bci<\/strong><\/h2>\n<p><\/p>\n<ul class=\"wp-block-list\"><p><\/p>\n<li>Us\u0142ugodawca nie ponosi odpowiedzialno\u015bci za zachowanie U\u017cytkownik\u00f3w wobec siebie nawzajem lub os\u00f3b trzecich i nie ponosi \u017cadnej odpowiedzialno\u015bci z tego tytu\u0142u.<\/li>\n<p><\/p>\n<li>Us\u0142ugodawca nie ponosi odpowiedzialno\u015bci za jakiekolwiek szkody wyrz\u0105dzone w sprz\u0119cie komputerowym, danych lub mieniu Klienta lub U\u017cytkownika, spowodowane przede wszystkim przez wirusy komputerowe, z\u0142o\u015bliwe oprogramowanie lub ataki zewn\u0119trzne.<\/li>\n<p><\/p>\n<li>Us\u0142ugodawca nie ponosi odpowiedzialno\u015bci za niedost\u0119pno\u015b\u0107 lub powolne dzia\u0142anie systemu, je\u015bli jest to spowodowane win\u0105 dostawcy us\u0142ug internetowych, sprz\u0119tem U\u017cytkownika lub innymi przyczynami niezale\u017cnymi od Us\u0142ugodawcy.<\/li>\n<p><\/p>\n<li>Us\u0142ugodawca nie ponosi odpowiedzialno\u015bci za jakiekolwiek szkody wynikaj\u0105ce z nieprofesjonalnego, niezgodnego z prawem lub zasadami korzystania z us\u0142ugi, ani za jakiekolwiek straty biznesowe lub korzy\u015bci finansowe oczekiwane przez Klienta.<\/li>\n<p><\/p>\n<li>Us\u0142ugodawca nie ponosi odpowiedzialno\u015bci za skutki nieprawid\u0142owego zapisu danych, nieprawid\u0142owych operacji u\u017cytkownika lub jakichkolwiek szk\u00f3d z nich wynikaj\u0105cych.<\/li>\n<p><\/p><\/ul>\n<p><\/p>\n<h2 class=\"wp-block-heading\"><strong>8) Odpowiedzialno\u015b\u0107 za szkody<\/strong><\/h2>\n<p><\/p>\n<p>Odpowiedzialno\u015b\u0107 odszkodowawcza Us\u0142ugodawcy jest ograniczona do wysoko\u015bci op\u0142aty uiszczonej przez Klienta maksymalnie do trzech miesi\u0119cy.<\/p>\n<p><\/p>\n<h2 class=\"wp-block-heading\"><strong>9) W\u0142asno\u015b\u0107 intelektualna<\/strong><\/h2>\n<p><\/p>\n<ul class=\"wp-block-list\"><p><\/p>\n<li>System Beeward, strona internetowa i wszystkie zawarte w niej tre\u015bci (np. tekst, dane, wideo, audio, obrazy, projekt, kod \u017ar\u00f3d\u0142owy) stanowi\u0105 wy\u0142\u0105czn\u0105 w\u0142asno\u015b\u0107 intelektualn\u0105 Us\u0142ugodawcy.<\/li>\n<p><\/p>\n<li>Subskrybuj\u0105c Us\u0142ug\u0119, Klient nabywa ograniczone, niewy\u0142\u0105czne, niezbywalne prawo do korzystania z Oprogramowania wy\u0142\u0105cznie na potrzeby w\u0142asnej dzia\u0142alno\u015bci wewn\u0119trznej.<\/li>\n<p><\/p>\n<li>Pobieranie i drukowanie tre\u015bci jest dozwolone wy\u0142\u0105cznie do u\u017cytku osobistego; wszelkie komercyjne powielanie, dystrybucja, adaptacja lub publikacja tre\u015bci wymaga uprzedniej pisemnej zgody Us\u0142ugodawcy.<\/li>\n<p><\/p>\n<li>Obrazy i materia\u0142y na tej stronie mog\u0105 by\u0107 wykorzystywane przez osoby trzecie wy\u0142\u0105cznie za wyra\u017an\u0105 zgod\u0105.<\/li>\n<p><\/p><\/ul>\n<p><\/p>\n<h2 class=\"wp-block-heading\"><strong>10 Korzystanie z podwykonawc\u00f3w<\/strong><\/h2>\n<p><\/p>\n<ul class=\"wp-block-list\"><p><\/p>\n<li>Us\u0142ugodawca jest uprawniony do korzystania z podwykonawcy przy wykonywaniu us\u0142ugi.<\/li>\n<p><\/p>\n<li>Us\u0142ugodawca ponosi odpowiedzialno\u015b\u0107 za wykonanie prac przez podwykonawc\u0119, zar\u00f3wno pod wzgl\u0119dem wymog\u00f3w jako\u015bciowych, jak i termin\u00f3w, tak jakby sam wykonywa\u0142 prace.<\/li>\n<p><\/p>\n<li>Us\u0142ugodawca jest zobowi\u0105zany do zapewnienia, \u017ce dzia\u0142ania podwykonawcy s\u0105 wykonywane zgodnie ze standardami zapewnienia jako\u015bci przyj\u0119tymi przez Us\u0142ugodawc\u0119.<\/li>\n<p><\/p>\n<li>Us\u0142ugodawca dopilnuje, aby zaanga\u017cowani przez niego podwykonawcy dzia\u0142ali zgodnie z tajemnic\u0105 handlow\u0105 podj\u0119t\u0105 przez Us\u0142ugodawc\u0119.<\/li>\n<p><\/p><\/ul>\n<p><\/p>\n<h2 class=\"wp-block-heading\"><strong>11 Poufno\u015b\u0107<\/strong><\/h2>\n<p><\/p>\n<ul class=\"wp-block-list\"><p><\/p>\n<li>Us\u0142ugodawca zobowi\u0105zuje si\u0119 traktowa\u0107 poufne dane, poufne informacje, dokumenty i tajemnice handlowe uzyskane w trakcie \u015bwiadczenia us\u0142ugi jako poufne, przechowywa\u0107 je w bezpiecznym miejscu i nie ujawnia\u0107 ich osobom trzecim, chyba \u017ce jest to wymagane przez prawo.<\/li>\n<p><\/p>\n<li>Us\u0142ugodawca podejmie wszelkie uzasadnione \u015brodki techniczne i organizacyjne w celu zapewnienia odpowiedniej ochrony danych poufnych.<\/li>\n<p><\/p>\n<li>Zobowi\u0105zanie do zachowania poufno\u015bci pozostaje w mocy po rozwi\u0105zaniu umowy.<\/li>\n<p><\/p><\/ul>\n<p><\/p>\n<h2 class=\"wp-block-heading\"><strong>12. korzystanie z us\u0142ugi w miejscu publicznym<\/strong><\/h2>\n<p><\/p>\n<p>Je\u015bli U\u017cytkownik korzysta z systemu Beeward Ltd. w miejscu publicznym (np. kafejka internetowa itp.), opr\u00f3cz \u015brodk\u00f3w bezpiecze\u0144stwa wdro\u017conych w systemie w celu ochrony danych wymagana jest wsp\u00f3\u0142praca U\u017cytkownika.<\/p>\n<p><\/p>\n<p>Je\u015bli istnieje mo\u017cliwo\u015b\u0107, \u017ce inne osoby mog\u0105 mie\u0107 dost\u0119p do komputera u\u017cywanego przez U\u017cytkownika, zaleca si\u0119 podj\u0119cie nast\u0119puj\u0105cych krok\u00f3w bezpiecze\u0144stwa:<\/p>\n<p><\/p>\n<ul class=\"wp-block-list\"><p><\/p>\n<li>Nie zaznaczaj pola Zapami\u0119taj mnie na ekranie logowania.<\/li>\n<p><\/p>\n<li>Nie zezwalaj na przechowywanie tymczasowych plik\u00f3w internetowych w przegl\u0105darce.<\/li>\n<p><\/p>\n<li>Upewnij si\u0119, \u017ce nikt nie obserwuje ci\u0119 podczas wprowadzania has\u0142a.<\/li>\n<p><\/p>\n<li>Pod \u017cadnym pozorem nie ujawniaj swojego has\u0142a<\/li>\n<p><\/p>\n<li>Je\u015bli uwa\u017casz, \u017ce nieupowa\u017cnione osoby pozna\u0142y Twoje has\u0142o, zmie\u0144 je<\/li>\n<p><\/p>\n<li>Nigdy nie zostawiaj komputera bez nadzoru, gdy jeste\u015b w trakcie korzystania z niego.<a href=\"https:\/\/beeward.buzz\/pl\/\"> https:\/\/beeward.buzz\/<\/a> u\u017cycie<\/li>\n<p><\/p>\n<li>System nale\u017cy zawsze zamyka\u0107, klikaj\u0105c przycisk Exit, a nie zamykaj\u0105c okno przegl\u0105darki.<\/li>\n<p><\/p><\/ul>\n<p><\/p>\n<h2 class=\"wp-block-heading\"><strong>13 Ochrona danych<\/strong><\/h2>\n<p><\/p>\n<p>Us\u0142ugodawca b\u0119dzie przetwarza\u0107 dane zgodnie z obowi\u0105zuj\u0105cymi przepisami o ochronie danych oraz oddzielnie opublikowanymi Informacjami o przetwarzaniu danych.<\/p>\n<p><\/p>\n<h2 class=\"wp-block-heading\"><strong>14) Rozstrzyganie spor\u00f3w<\/strong><\/h2>\n<p><\/p>\n<ul class=\"wp-block-list\"><p><\/p>\n<li>Strony b\u0119d\u0105 rozstrzyga\u0107 wszelkie spory wynikaj\u0105ce z niniejszej umowy przede wszystkim polubownie, w drodze post\u0119powania pojednawczego.<\/li>\n<p><\/p>\n<li>Je\u017celi nie przyniesie to rezultatu, Strony poddadz\u0105 sp\u00f3r wy\u0142\u0105cznej jurysdykcji s\u0105du w Peczu.<\/li>\n<p><\/p><\/ul>\n<p><\/p>\n<h2 class=\"wp-block-heading\"><strong>15 Postanowienia r\u00f3\u017cne<\/strong><\/h2>\n<p><\/p>\n<ul class=\"wp-block-list\"><p><\/p>\n<li>W sprawach nieuregulowanych w niniejszych OWU zastosowanie maj\u0105 przepisy Kodeksu cywilnego.<\/li>\n<p><\/p><\/ul>\n<p><\/p>\n<p><br><\/p><p>Us\u0142ugodawca jest uprawniony do jednostronnej zmiany OWU, o czym powiadomi Klienta z wyprzedzeniem.<\/p>\n<p><\/p>\n<p>Pecz, 2025.09.18<\/p>\n<p><\/p>\n<p><\/p>\n<p><\/p>\n<p><\/p>\t\t\t\t\t\t\t\t<\/div>\n\t\t\t\t<\/div>\n\t\t\t\t\t<\/div>\n\t\t\t\t<\/div>\n\t\t\t\t<\/div>","protected":false},"excerpt":{"rendered":"<p>\u00c1ltal\u00e1nos szerz\u0151d\u00e9si felt\u00e9telek Hat\u00e1lyos: 2025.09.19-t\u00f3l 1. Szolg\u00e1ltat\u00f3 adatai C\u00e9gn\u00e9v: Beeward Korl\u00e1tolt Felel\u0151ss\u00e9g\u0171 T\u00e1rsas\u00e1gSz\u00e9khely: 7621 P\u00e9cs, Kazinczy utca 2.C\u00e9gjegyz\u00e9ksz\u00e1m: 02-09-088628Ad\u00f3sz\u00e1m: 32663871-2-02K\u00e9pviseli: Lovas M\u00e1t\u00e9 \u00fcgyvezet\u0151E-mail: hello@beeward.buzzWeboldal: https:\/\/beeward.buzz 2. A szolg\u00e1ltat\u00e1s t\u00e1rgya A Szolg\u00e1ltat\u00f3 a https:\/\/beeward.buzz domain alatt \u00fczemeltetett munkahelyi motiv\u00e1ci\u00f3s \u00e9s elismer\u00e9si szoftver(a tov\u00e1bbiakban: Beeward) haszn\u00e1lat\u00e1t biztos\u00edtja el\u0151fizet\u00e9ses rendszerben. A Megrendel\u0151 a regisztr\u00e1ci\u00f3val \u00e9s a jelen \u00c1SZF [&hellip;]<\/p>\n","protected":false},"author":3,"featured_media":0,"parent":0,"menu_order":0,"comment_status":"closed","ping_status":"closed","template":"","meta":{"footnotes":""},"class_list":["post-4763","page","type-page","status-publish","hentry"],"yoast_head":"<!-- This site is optimized with the Yoast SEO plugin v27.3 - https:\/\/yoast.com\/product\/yoast-seo-wordpress\/ -->\n<title>\u00c1ltal\u00e1nos szerz\u0151d\u00e9si felt\u00e9telek - Beeward<\/title>\n<meta name=\"description\" content=\"\u00c1ltal\u00e1nos szerz\u0151d\u00e9si felt\u00e9telek - Beeward Kft.\" \/>\n<meta name=\"robots\" content=\"index, follow, max-snippet:-1, max-image-preview:large, max-video-preview:-1\" \/>\n<link rel=\"canonical\" href=\"https:\/\/beeward.buzz\/pl\/nieokreslone-warunki-umowy\/\" \/>\n<meta property=\"og:locale\" content=\"pl_PL\" \/>\n<meta property=\"og:type\" content=\"article\" \/>\n<meta property=\"og:title\" content=\"\u00c1ltal\u00e1nos szerz\u0151d\u00e9si felt\u00e9telek - Beeward\" \/>\n<meta property=\"og:description\" content=\"\u00c1ltal\u00e1nos szerz\u0151d\u00e9si felt\u00e9telek - Beeward Kft.\" \/>\n<meta property=\"og:url\" content=\"https:\/\/beeward.buzz\/pl\/nieokreslone-warunki-umowy\/\" \/>\n<meta property=\"og:site_name\" content=\"Beeward\" \/>\n<meta property=\"article:publisher\" content=\"https:\/\/www.facebook.com\/beeward.buzz\" \/>\n<meta property=\"article:modified_time\" content=\"2025-09-18T18:38:24+00:00\" \/>\n<meta property=\"og:image\" content=\"https:\/\/beeward.buzz\/wp-content\/uploads\/2024\/10\/beeward_logo_color-1.png\" \/>\n\t<meta property=\"og:image:width\" content=\"1062\" \/>\n\t<meta property=\"og:image:height\" content=\"600\" \/>\n\t<meta property=\"og:image:type\" content=\"image\/png\" \/>\n<meta name=\"twitter:card\" content=\"summary_large_image\" \/>\n<meta name=\"twitter:label1\" content=\"Szacowany czas czytania\" \/>\n\t<meta name=\"twitter:data1\" content=\"5 minut\" \/>\n<script type=\"application\/ld+json\" class=\"yoast-schema-graph\">{\"@context\":\"https:\\\/\\\/schema.org\",\"@graph\":[{\"@type\":\"WebPage\",\"@id\":\"https:\\\/\\\/beeward.buzz\\\/altalanos-szerzodesi-feltetelek\\\/\",\"url\":\"https:\\\/\\\/beeward.buzz\\\/altalanos-szerzodesi-feltetelek\\\/\",\"name\":\"\u00c1ltal\u00e1nos szerz\u0151d\u00e9si felt\u00e9telek - Beeward\",\"isPartOf\":{\"@id\":\"https:\\\/\\\/beeward.buzz\\\/#website\"},\"datePublished\":\"2024-10-14T13:36:52+00:00\",\"dateModified\":\"2025-09-18T18:38:24+00:00\",\"description\":\"\u00c1ltal\u00e1nos szerz\u0151d\u00e9si felt\u00e9telek - Beeward Kft.\",\"breadcrumb\":{\"@id\":\"https:\\\/\\\/beeward.buzz\\\/altalanos-szerzodesi-feltetelek\\\/#breadcrumb\"},\"inLanguage\":\"pl-PL\",\"potentialAction\":[{\"@type\":\"ReadAction\",\"target\":[\"https:\\\/\\\/beeward.buzz\\\/altalanos-szerzodesi-feltetelek\\\/\"]}]},{\"@type\":\"BreadcrumbList\",\"@id\":\"https:\\\/\\\/beeward.buzz\\\/altalanos-szerzodesi-feltetelek\\\/#breadcrumb\",\"itemListElement\":[{\"@type\":\"ListItem\",\"position\":1,\"name\":\"Kezd\u0151lap\",\"item\":\"https:\\\/\\\/beeward.buzz\\\/\"},{\"@type\":\"ListItem\",\"position\":2,\"name\":\"\u00c1ltal\u00e1nos szerz\u0151d\u00e9si felt\u00e9telek\"}]},{\"@type\":\"WebSite\",\"@id\":\"https:\\\/\\\/beeward.buzz\\\/#website\",\"url\":\"https:\\\/\\\/beeward.buzz\\\/\",\"name\":\"Beeward\",\"description\":\"Jobb munkahelyi kapcsolatokat \u00e9p\u00edt\u00fcnk, elismer\u00e9s, motiv\u00e1ci\u00f3, jutalmaz\u00e1s\",\"publisher\":{\"@id\":\"https:\\\/\\\/beeward.buzz\\\/#organization\"},\"potentialAction\":[{\"@type\":\"SearchAction\",\"target\":{\"@type\":\"EntryPoint\",\"urlTemplate\":\"https:\\\/\\\/beeward.buzz\\\/?s={search_term_string}\"},\"query-input\":{\"@type\":\"PropertyValueSpecification\",\"valueRequired\":true,\"valueName\":\"search_term_string\"}}],\"inLanguage\":\"pl-PL\"},{\"@type\":\"Organization\",\"@id\":\"https:\\\/\\\/beeward.buzz\\\/#organization\",\"name\":\"Beeward\",\"url\":\"https:\\\/\\\/beeward.buzz\\\/\",\"logo\":{\"@type\":\"ImageObject\",\"inLanguage\":\"pl-PL\",\"@id\":\"https:\\\/\\\/beeward.buzz\\\/#\\\/schema\\\/logo\\\/image\\\/\",\"url\":\"https:\\\/\\\/beeward.buzz\\\/wp-content\\\/uploads\\\/2024\\\/08\\\/beeward_logo_black.svg\",\"contentUrl\":\"https:\\\/\\\/beeward.buzz\\\/wp-content\\\/uploads\\\/2024\\\/08\\\/beeward_logo_black.svg\",\"width\":130,\"height\":45,\"caption\":\"Beeward\"},\"image\":{\"@id\":\"https:\\\/\\\/beeward.buzz\\\/#\\\/schema\\\/logo\\\/image\\\/\"},\"sameAs\":[\"https:\\\/\\\/www.facebook.com\\\/beeward.buzz\",\"https:\\\/\\\/www.linkedin.com\\\/company\\\/beeward\\\/\",\"https:\\\/\\\/www.instagram.com\\\/beeward.buzz\\\/\",\"https:\\\/\\\/www.tiktok.com\\\/@beeward.buzz\"]}]}<\/script>\n<!-- \/ Yoast SEO plugin. -->","yoast_head_json":{"title":"Zasady i warunki - Beeward","description":"Og\u00f3lne warunki handlowe - Beeward Kft.","robots":{"index":"index","follow":"follow","max-snippet":"max-snippet:-1","max-image-preview":"max-image-preview:large","max-video-preview":"max-video-preview:-1"},"canonical":"https:\/\/beeward.buzz\/pl\/nieokreslone-warunki-umowy\/","og_locale":"pl_PL","og_type":"article","og_title":"\u00c1ltal\u00e1nos szerz\u0151d\u00e9si felt\u00e9telek - Beeward","og_description":"\u00c1ltal\u00e1nos szerz\u0151d\u00e9si felt\u00e9telek - Beeward Kft.","og_url":"https:\/\/beeward.buzz\/pl\/nieokreslone-warunki-umowy\/","og_site_name":"Beeward","article_publisher":"https:\/\/www.facebook.com\/beeward.buzz","article_modified_time":"2025-09-18T18:38:24+00:00","og_image":[{"width":1062,"height":600,"url":"https:\/\/beeward.buzz\/wp-content\/uploads\/2024\/10\/beeward_logo_color-1.png","type":"image\/png"}],"twitter_card":"summary_large_image","twitter_misc":{"Szacowany czas czytania":"5 minut"},"schema":{"@context":"https:\/\/schema.org","@graph":[{"@type":"WebPage","@id":"https:\/\/beeward.buzz\/altalanos-szerzodesi-feltetelek\/","url":"https:\/\/beeward.buzz\/altalanos-szerzodesi-feltetelek\/","name":"Zasady i warunki - Beeward","isPartOf":{"@id":"https:\/\/beeward.buzz\/#website"},"datePublished":"2024-10-14T13:36:52+00:00","dateModified":"2025-09-18T18:38:24+00:00","description":"Og\u00f3lne warunki handlowe - Beeward Kft.","breadcrumb":{"@id":"https:\/\/beeward.buzz\/altalanos-szerzodesi-feltetelek\/#breadcrumb"},"inLanguage":"pl-PL","potentialAction":[{"@type":"ReadAction","target":["https:\/\/beeward.buzz\/altalanos-szerzodesi-feltetelek\/"]}]},{"@type":"BreadcrumbList","@id":"https:\/\/beeward.buzz\/altalanos-szerzodesi-feltetelek\/#breadcrumb","itemListElement":[{"@type":"ListItem","position":1,"name":"Kezd\u0151lap","item":"https:\/\/beeward.buzz\/"},{"@type":"ListItem","position":2,"name":"\u00c1ltal\u00e1nos szerz\u0151d\u00e9si felt\u00e9telek"}]},{"@type":"WebSite","@id":"https:\/\/beeward.buzz\/#website","url":"https:\/\/beeward.buzz\/","name":"Beeward","description":"Budowanie lepszych relacji w miejscu pracy, uznanie, motywacja, nagrody","publisher":{"@id":"https:\/\/beeward.buzz\/#organization"},"potentialAction":[{"@type":"SearchAction","target":{"@type":"EntryPoint","urlTemplate":"https:\/\/beeward.buzz\/?s={search_term_string}"},"query-input":{"@type":"PropertyValueSpecification","valueRequired":true,"valueName":"search_term_string"}}],"inLanguage":"pl-PL"},{"@type":"Organization","@id":"https:\/\/beeward.buzz\/#organization","name":"Beeward","url":"https:\/\/beeward.buzz\/","logo":{"@type":"ImageObject","inLanguage":"pl-PL","@id":"https:\/\/beeward.buzz\/#\/schema\/logo\/image\/","url":"https:\/\/beeward.buzz\/wp-content\/uploads\/2024\/08\/beeward_logo_black.svg","contentUrl":"https:\/\/beeward.buzz\/wp-content\/uploads\/2024\/08\/beeward_logo_black.svg","width":130,"height":45,"caption":"Beeward"},"image":{"@id":"https:\/\/beeward.buzz\/#\/schema\/logo\/image\/"},"sameAs":["https:\/\/www.facebook.com\/beeward.buzz","https:\/\/www.linkedin.com\/company\/beeward\/","https:\/\/www.instagram.com\/beeward.buzz\/","https:\/\/www.tiktok.com\/@beeward.buzz"]}]}},"_links":{"self":[{"href":"https:\/\/beeward.buzz\/pl\/wp-json\/wp\/v2\/pages\/4763","targetHints":{"allow":["GET"]}}],"collection":[{"href":"https:\/\/beeward.buzz\/pl\/wp-json\/wp\/v2\/pages"}],"about":[{"href":"https:\/\/beeward.buzz\/pl\/wp-json\/wp\/v2\/types\/page"}],"author":[{"embeddable":true,"href":"https:\/\/beeward.buzz\/pl\/wp-json\/wp\/v2\/users\/3"}],"replies":[{"embeddable":true,"href":"https:\/\/beeward.buzz\/pl\/wp-json\/wp\/v2\/comments?post=4763"}],"version-history":[{"count":0,"href":"https:\/\/beeward.buzz\/pl\/wp-json\/wp\/v2\/pages\/4763\/revisions"}],"wp:attachment":[{"href":"https:\/\/beeward.buzz\/pl\/wp-json\/wp\/v2\/media?parent=4763"}],"curies":[{"name":"wp","href":"https:\/\/api.w.org\/{rel}","templated":true}]}}