{"id":8367,"date":"2025-06-04T09:44:35","date_gmt":"2025-06-04T07:44:35","guid":{"rendered":"https:\/\/beeward.buzz\/?page_id=8367"},"modified":"2025-06-04T16:02:43","modified_gmt":"2025-06-04T14:02:43","slug":"%eb%b9%84%ed%94%84-%eb%95%a1%ed%81%90","status":"publish","type":"page","link":"https:\/\/beeward.buzz\/ko\/beept-thankyou\/","title":{"rendered":"BeePT \uac10\uc0ac"},"content":{"rendered":"<div data-elementor-type=\"wp-page\" data-elementor-id=\"8367\" class=\"elementor elementor-8367\" data-elementor-post-type=\"page\">\n\t\t\t\t<div class=\"elementor-element elementor-element-ffba72a e-flex e-con-boxed e-con e-parent\" data-id=\"ffba72a\" data-element_type=\"container\" data-e-type=\"container\" data-settings=\"{&quot;background_background&quot;:&quot;classic&quot;}\">\n\t\t\t\t\t<div class=\"e-con-inner\">\n\t\t\t\t<div class=\"elementor-element elementor-element-671aa8c elementor-widget elementor-widget-image\" data-id=\"671aa8c\" data-element_type=\"widget\" data-e-type=\"widget\" data-widget_type=\"image.default\">\n\t\t\t\t<div class=\"elementor-widget-container\">\n\t\t\t\t\t\t\t\t\t\t\t\t\t\t\t<img fetchpriority=\"high\" decoding=\"async\" width=\"296\" height=\"200\" src=\"https:\/\/beeward.buzz\/wp-content\/uploads\/2025\/06\/robot.gif\" class=\"attachment-large size-large wp-image-8369\" alt=\"\" \/>\t\t\t\t\t\t\t\t\t\t\t\t\t\t\t<\/div>\n\t\t\t\t<\/div>\n\t\t\t\t<div class=\"elementor-element elementor-element-fed69be elementor-widget elementor-widget-heading\" data-id=\"fed69be\" data-element_type=\"widget\" data-e-type=\"widget\" data-widget_type=\"heading.default\">\n\t\t\t\t<div class=\"elementor-widget-container\">\n\t\t\t\t\t<h2 class=\"elementor-heading-title elementor-size-default\">BeePT\uc5d0 \uad00\uc2ec\uc744 \uac00\uc838\uc8fc\uc154\uc11c \uac10\uc0ac\ud569\ub2c8\ub2e4!<\/h2>\t\t\t\t<\/div>\n\t\t\t\t<\/div>\n\t\t\t\t<div class=\"elementor-element elementor-element-00351f3 elementor-widget elementor-widget-text-editor\" data-id=\"00351f3\" data-element_type=\"widget\" data-e-type=\"widget\" data-widget_type=\"text-editor.default\">\n\t\t\t\t<div class=\"elementor-widget-container\">\n\t\t\t\t\t\t\t\t\t<p>BeePT\ub294 ChatGPT \ub0b4\uc5d0\uc11c \ucc3e\uc744 \uc218 \uc788\ub294 \ub9de\ucda4\ud615 \uc0ac\uc6a9\uc790 \uc9c0\uc815 GPT\uc785\ub2c8\ub2e4.<\/p>\n<p><b>\ubb34\uc5c7\uc774 \ud544\uc694\ud558\uc2e0\uac00\uc694?<\/b><br>An <b>ChatGPT \uacc4\uc815<\/b> (\ubb34\ub8cc \ubc84\uc804\ub3c4 \uc644\ubcbd\ud569\ub2c8\ub2e4).<\/p>\t\t\t\t\t\t\t\t<\/div>\n\t\t\t\t<\/div>\n\t\t\t\t<div class=\"elementor-element elementor-element-4f99dc5 elementor-align-center elementor-widget elementor-widget-button\" data-id=\"4f99dc5\" data-element_type=\"widget\" data-e-type=\"widget\" data-widget_type=\"button.default\">\n\t\t\t\t<div class=\"elementor-widget-container\">\n\t\t\t\t\t\t\t\t\t<div class=\"elementor-button-wrapper\">\n\t\t\t\t\t<a class=\"elementor-button elementor-button-link elementor-size-sm elementor-animation-shrink\" href=\"https:\/\/chatgpt.com\/g\/g-681bbb8c6dc08191aa63ed4074cff52d-beept\">\n\t\t\t\t\t\t<span class=\"elementor-button-content-wrapper\">\n\t\t\t\t\t\t\t\t\t<span class=\"elementor-button-text\">\uc9c0\uae08 BeePT \uc2dc\uc791\ud558\uae30<\/span>\n\t\t\t\t\t<\/span>\n\t\t\t\t\t<\/a>\n\t\t\t\t<\/div>\n\t\t\t\t\t\t\t\t<\/div>\n\t\t\t\t<\/div>\n\t\t\t\t\t<\/div>\n\t\t\t\t<\/div>\n\t\t\t\t<\/div>","protected":false},"excerpt":{"rendered":"<p>BeePT\uc5d0 \uad00\uc2ec\uc744 \uac00\uc838\uc8fc\uc154\uc11c \uac10\uc0ac\ud569\ub2c8\ub2e4! BeePT\ub294 ChatGPT \ub0b4\uc5d0\uc11c \ucc3e\uc744 \uc218 \uc788\ub294 \ub9de\ucda4\ud615 \uc0ac\uc6a9\uc790 \uc9c0\uc815 GPT\uc785\ub2c8\ub2e4. \ubb34\uc5c7\uc774 \ud544\uc694\ud558\ub098\uc694? ChatGPT \uacc4\uc815(\ubb34\ub8cc \ubc84\uc804\ub3c4 \uc644\ubcbd\ud569\ub2c8\ub2e4). \uc9c0\uae08 BeePT \uc2dc\uc791\ud558\uae30<\/p>","protected":false},"author":3,"featured_media":0,"parent":0,"menu_order":0,"comment_status":"closed","ping_status":"closed","template":"","meta":{"footnotes":""},"class_list":["post-8367","page","type-page","status-publish","hentry"],"yoast_head":"<!-- This site is optimized with the Yoast SEO plugin v27.3 - https:\/\/yoast.com\/product\/yoast-seo-wordpress\/ -->\n<title>BeePT thankyou - Beeward<\/title>\n<meta name=\"robots\" content=\"index, follow, max-snippet:-1, max-image-preview:large, max-video-preview:-1\" \/>\n<link rel=\"canonical\" href=\"https:\/\/beeward.buzz\/ko\/\ube44\ud504-\ub561\ud050\/\" \/>\n<meta property=\"og:locale\" content=\"ko_KR\" \/>\n<meta property=\"og:type\" content=\"article\" \/>\n<meta property=\"og:title\" content=\"BeePT thankyou - Beeward\" \/>\n<meta property=\"og:description\" content=\"K\u00f6sz\u00f6nj\u00fck, hogy \u00e9rdekl\u0151dsz a BeePT ir\u00e1nt! A BeePT egy testreszabott Custom GPT, amit a ChatGPT-n bel\u00fcl tal\u00e1lsz meg. Mi kell hozz\u00e1?Egy ChatGPT fi\u00f3k (az ingyenes verzi\u00f3 is t\u00f6k\u00e9letes). Ind\u00edtsd el a BeePT-t most\" \/>\n<meta property=\"og:url\" content=\"https:\/\/beeward.buzz\/ko\/\ube44\ud504-\ub561\ud050\/\" \/>\n<meta property=\"og:site_name\" content=\"Beeward\" \/>\n<meta property=\"article:publisher\" content=\"https:\/\/www.facebook.com\/beeward.buzz\" \/>\n<meta property=\"article:modified_time\" content=\"2025-06-04T14:02:43+00:00\" \/>\n<meta property=\"og:image\" content=\"https:\/\/beeward.buzz\/wp-content\/uploads\/2025\/06\/robot.gif\" \/>\n\t<meta property=\"og:image:width\" content=\"296\" \/>\n\t<meta property=\"og:image:height\" content=\"200\" \/>\n\t<meta property=\"og:image:type\" content=\"image\/gif\" \/>\n<meta name=\"twitter:card\" content=\"summary_large_image\" \/>\n<meta name=\"twitter:label1\" content=\"\uc608\uc0c1 \ub418\ub294 \ud310\ub3c5 \uc2dc\uac04\" \/>\n\t<meta name=\"twitter:data1\" content=\"1\ubd84\" \/>\n<script type=\"application\/ld+json\" class=\"yoast-schema-graph\">{\"@context\":\"https:\\\/\\\/schema.org\",\"@graph\":[{\"@type\":\"WebPage\",\"@id\":\"https:\\\/\\\/beeward.buzz\\\/beept-thankyou\\\/\",\"url\":\"https:\\\/\\\/beeward.buzz\\\/beept-thankyou\\\/\",\"name\":\"BeePT thankyou - Beeward\",\"isPartOf\":{\"@id\":\"https:\\\/\\\/beeward.buzz\\\/#website\"},\"primaryImageOfPage\":{\"@id\":\"https:\\\/\\\/beeward.buzz\\\/beept-thankyou\\\/#primaryimage\"},\"image\":{\"@id\":\"https:\\\/\\\/beeward.buzz\\\/beept-thankyou\\\/#primaryimage\"},\"thumbnailUrl\":\"https:\\\/\\\/beeward.buzz\\\/wp-content\\\/uploads\\\/2025\\\/06\\\/robot.gif\",\"datePublished\":\"2025-06-04T07:44:35+00:00\",\"dateModified\":\"2025-06-04T14:02:43+00:00\",\"breadcrumb\":{\"@id\":\"https:\\\/\\\/beeward.buzz\\\/beept-thankyou\\\/#breadcrumb\"},\"inLanguage\":\"ko-KR\",\"potentialAction\":[{\"@type\":\"ReadAction\",\"target\":[\"https:\\\/\\\/beeward.buzz\\\/beept-thankyou\\\/\"]}]},{\"@type\":\"ImageObject\",\"inLanguage\":\"ko-KR\",\"@id\":\"https:\\\/\\\/beeward.buzz\\\/beept-thankyou\\\/#primaryimage\",\"url\":\"https:\\\/\\\/beeward.buzz\\\/wp-content\\\/uploads\\\/2025\\\/06\\\/robot.gif\",\"contentUrl\":\"https:\\\/\\\/beeward.buzz\\\/wp-content\\\/uploads\\\/2025\\\/06\\\/robot.gif\"},{\"@type\":\"BreadcrumbList\",\"@id\":\"https:\\\/\\\/beeward.buzz\\\/beept-thankyou\\\/#breadcrumb\",\"itemListElement\":[{\"@type\":\"ListItem\",\"position\":1,\"name\":\"Kezd\u0151lap\",\"item\":\"https:\\\/\\\/beeward.buzz\\\/\"},{\"@type\":\"ListItem\",\"position\":2,\"name\":\"BeePT thankyou\"}]},{\"@type\":\"WebSite\",\"@id\":\"https:\\\/\\\/beeward.buzz\\\/#website\",\"url\":\"https:\\\/\\\/beeward.buzz\\\/\",\"name\":\"Beeward\",\"description\":\"Jobb munkahelyi kapcsolatokat \u00e9p\u00edt\u00fcnk, elismer\u00e9s, motiv\u00e1ci\u00f3, jutalmaz\u00e1s\",\"publisher\":{\"@id\":\"https:\\\/\\\/beeward.buzz\\\/#organization\"},\"potentialAction\":[{\"@type\":\"SearchAction\",\"target\":{\"@type\":\"EntryPoint\",\"urlTemplate\":\"https:\\\/\\\/beeward.buzz\\\/?s={search_term_string}\"},\"query-input\":{\"@type\":\"PropertyValueSpecification\",\"valueRequired\":true,\"valueName\":\"search_term_string\"}}],\"inLanguage\":\"ko-KR\"},{\"@type\":\"Organization\",\"@id\":\"https:\\\/\\\/beeward.buzz\\\/#organization\",\"name\":\"Beeward\",\"url\":\"https:\\\/\\\/beeward.buzz\\\/\",\"logo\":{\"@type\":\"ImageObject\",\"inLanguage\":\"ko-KR\",\"@id\":\"https:\\\/\\\/beeward.buzz\\\/#\\\/schema\\\/logo\\\/image\\\/\",\"url\":\"https:\\\/\\\/beeward.buzz\\\/wp-content\\\/uploads\\\/2024\\\/08\\\/beeward_logo_black.svg\",\"contentUrl\":\"https:\\\/\\\/beeward.buzz\\\/wp-content\\\/uploads\\\/2024\\\/08\\\/beeward_logo_black.svg\",\"width\":130,\"height\":45,\"caption\":\"Beeward\"},\"image\":{\"@id\":\"https:\\\/\\\/beeward.buzz\\\/#\\\/schema\\\/logo\\\/image\\\/\"},\"sameAs\":[\"https:\\\/\\\/www.facebook.com\\\/beeward.buzz\",\"https:\\\/\\\/www.linkedin.com\\\/company\\\/beeward\\\/\",\"https:\\\/\\\/www.instagram.com\\\/beeward.buzz\\\/\",\"https:\\\/\\\/www.tiktok.com\\\/@beeward.buzz\"]}]}<\/script>\n<!-- \/ Yoast SEO plugin. -->","yoast_head_json":{"title":"BeePT \uac10\uc0ac - \ube44\uc6cc\ub4dc","robots":{"index":"index","follow":"follow","max-snippet":"max-snippet:-1","max-image-preview":"max-image-preview:large","max-video-preview":"max-video-preview:-1"},"canonical":"https:\/\/beeward.buzz\/ko\/\ube44\ud504-\ub561\ud050\/","og_locale":"ko_KR","og_type":"article","og_title":"BeePT thankyou - Beeward","og_description":"K\u00f6sz\u00f6nj\u00fck, hogy \u00e9rdekl\u0151dsz a BeePT ir\u00e1nt! A BeePT egy testreszabott Custom GPT, amit a ChatGPT-n bel\u00fcl tal\u00e1lsz meg. Mi kell hozz\u00e1?Egy ChatGPT fi\u00f3k (az ingyenes verzi\u00f3 is t\u00f6k\u00e9letes). Ind\u00edtsd el a BeePT-t most","og_url":"https:\/\/beeward.buzz\/ko\/\ube44\ud504-\ub561\ud050\/","og_site_name":"Beeward","article_publisher":"https:\/\/www.facebook.com\/beeward.buzz","article_modified_time":"2025-06-04T14:02:43+00:00","og_image":[{"width":296,"height":200,"url":"https:\/\/beeward.buzz\/wp-content\/uploads\/2025\/06\/robot.gif","type":"image\/gif"}],"twitter_card":"summary_large_image","twitter_misc":{"\uc608\uc0c1 \ub418\ub294 \ud310\ub3c5 \uc2dc\uac04":"1\ubd84"},"schema":{"@context":"https:\/\/schema.org","@graph":[{"@type":"WebPage","@id":"https:\/\/beeward.buzz\/beept-thankyou\/","url":"https:\/\/beeward.buzz\/beept-thankyou\/","name":"BeePT \uac10\uc0ac - \ube44\uc6cc\ub4dc","isPartOf":{"@id":"https:\/\/beeward.buzz\/#website"},"primaryImageOfPage":{"@id":"https:\/\/beeward.buzz\/beept-thankyou\/#primaryimage"},"image":{"@id":"https:\/\/beeward.buzz\/beept-thankyou\/#primaryimage"},"thumbnailUrl":"https:\/\/beeward.buzz\/wp-content\/uploads\/2025\/06\/robot.gif","datePublished":"2025-06-04T07:44:35+00:00","dateModified":"2025-06-04T14:02:43+00:00","breadcrumb":{"@id":"https:\/\/beeward.buzz\/beept-thankyou\/#breadcrumb"},"inLanguage":"ko-KR","potentialAction":[{"@type":"ReadAction","target":["https:\/\/beeward.buzz\/beept-thankyou\/"]}]},{"@type":"ImageObject","inLanguage":"ko-KR","@id":"https:\/\/beeward.buzz\/beept-thankyou\/#primaryimage","url":"https:\/\/beeward.buzz\/wp-content\/uploads\/2025\/06\/robot.gif","contentUrl":"https:\/\/beeward.buzz\/wp-content\/uploads\/2025\/06\/robot.gif"},{"@type":"BreadcrumbList","@id":"https:\/\/beeward.buzz\/beept-thankyou\/#breadcrumb","itemListElement":[{"@type":"ListItem","position":1,"name":"Kezd\u0151lap","item":"https:\/\/beeward.buzz\/"},{"@type":"ListItem","position":2,"name":"BeePT thankyou"}]},{"@type":"WebSite","@id":"https:\/\/beeward.buzz\/#website","url":"https:\/\/beeward.buzz\/","name":"Beeward","description":"\ub354 \ub098\uc740 \uc9c1\uc7a5 \ub0b4 \uad00\uacc4, \uc778\uc815, \ub3d9\uae30 \ubd80\uc5ec, \ubcf4\uc0c1 \uad6c\ucd95","publisher":{"@id":"https:\/\/beeward.buzz\/#organization"},"potentialAction":[{"@type":"SearchAction","target":{"@type":"EntryPoint","urlTemplate":"https:\/\/beeward.buzz\/?s={search_term_string}"},"query-input":{"@type":"PropertyValueSpecification","valueRequired":true,"valueName":"search_term_string"}}],"inLanguage":"ko-KR"},{"@type":"Organization","@id":"https:\/\/beeward.buzz\/#organization","name":"Beeward","url":"https:\/\/beeward.buzz\/","logo":{"@type":"ImageObject","inLanguage":"ko-KR","@id":"https:\/\/beeward.buzz\/#\/schema\/logo\/image\/","url":"https:\/\/beeward.buzz\/wp-content\/uploads\/2024\/08\/beeward_logo_black.svg","contentUrl":"https:\/\/beeward.buzz\/wp-content\/uploads\/2024\/08\/beeward_logo_black.svg","width":130,"height":45,"caption":"Beeward"},"image":{"@id":"https:\/\/beeward.buzz\/#\/schema\/logo\/image\/"},"sameAs":["https:\/\/www.facebook.com\/beeward.buzz","https:\/\/www.linkedin.com\/company\/beeward\/","https:\/\/www.instagram.com\/beeward.buzz\/","https:\/\/www.tiktok.com\/@beeward.buzz"]}]}},"_links":{"self":[{"href":"https:\/\/beeward.buzz\/ko\/wp-json\/wp\/v2\/pages\/8367","targetHints":{"allow":["GET"]}}],"collection":[{"href":"https:\/\/beeward.buzz\/ko\/wp-json\/wp\/v2\/pages"}],"about":[{"href":"https:\/\/beeward.buzz\/ko\/wp-json\/wp\/v2\/types\/page"}],"author":[{"embeddable":true,"href":"https:\/\/beeward.buzz\/ko\/wp-json\/wp\/v2\/users\/3"}],"replies":[{"embeddable":true,"href":"https:\/\/beeward.buzz\/ko\/wp-json\/wp\/v2\/comments?post=8367"}],"version-history":[{"count":0,"href":"https:\/\/beeward.buzz\/ko\/wp-json\/wp\/v2\/pages\/8367\/revisions"}],"wp:attachment":[{"href":"https:\/\/beeward.buzz\/ko\/wp-json\/wp\/v2\/media?parent=8367"}],"curies":[{"name":"wp","href":"https:\/\/api.w.org\/{rel}","templated":true}]}}