{"id":6755,"date":"2025-02-17T23:48:35","date_gmt":"2025-02-17T22:48:35","guid":{"rendered":"https:\/\/beeward.buzz\/?page_id=6755"},"modified":"2025-02-17T23:51:09","modified_gmt":"2025-02-17T22:51:09","slug":"%ec%95%8c%ed%83%80%eb%9e%80%eb%a1%9c%ec%8a%a4-%ec%84%b8%eb%a5%b4%ec%a1%b0%eb%8d%b0%ec%8b%9c-%ed%86%a0%ed%8d%bc%ec%8a%a4-%eb%82%98%ea%b8%b0%ec%bd%94%eb%b2%a0%ed%8b%b0-%ed%94%84%eb%a1%9c%ea%b7%b8","status":"publish","type":"page","link":"https:\/\/beeward.buzz\/ko\/altalanos-szerzodesi-feltetelek-nagykoveti-program\/","title":{"rendered":"GSP - \ube44\uc6cc\ub4dc \uc570\ubc30\uc11c\ub354 \ud504\ub85c\uadf8\ub7a8"},"content":{"rendered":"<p><strong>\ud68c\uc0ac \uc774\ub984: <\/strong>Beeward Ltd.&nbsp;<\/p>\n\n\n\n<p><strong>\ubcf8\uc0ac<\/strong>\uc8fc\uc18c : 7621 P\u00e9cs, Kazinczy u. 2.<\/p>\n\n\n\n<p><strong>\ub300\ud45c<\/strong>: \ub9c8\ud14c \ub85c\ubc14\uc2a4<\/p>\n\n\n\n<p><strong>\uc138\uae08 \ubc88\ud638<\/strong>: 32663871-2-02<\/p>\n\n\n\n<p><strong>\ud68c\uc0ac \ub4f1\ub85d \ubc88\ud638<\/strong>: 02-09-088628<\/p>\n\n\n\n<p><strong>\uc804\ud654\ubc88\ud638<\/strong>: + 36 30 480 0513<\/p>\n\n\n\n<p><strong>\uc6f9\uc0ac\uc774\ud2b8<\/strong>: https:\/\/beeward.buzz<\/p>\n\n\n\n<p><strong>\uc774\uba54\uc77c<\/strong>: mate@beeward.buzz<\/p>\n\n\n\n<h2 class=\"wp-block-heading\">1. \uc18c\uac1c \uc870\ud56d<\/h2>\n\n\n\n<p>1.1 \ubcf8 \uc77c\ubc18 \uc57d\uad00(\u201eGTC\u201d)\uc740 \ube44\uc6cc\ub4dc\uc758 \uc570\ubc30\uc11c\ub354 \ud30c\ud2b8\ub108 \ud504\ub85c\uadf8\ub7a8(\u201e\ud504\ub85c\uadf8\ub7a8\u201d)\uc758 \uc138\ubd80 \uc0ac\ud56d\uacfc \ub2f9\uc0ac\uc790\uc758 \uad8c\ub9ac \ubc0f \uc758\ubb34\ub97c \uba85\uc2dc\ud569\ub2c8\ub2e4.<\/p>\n\n\n\n<p>1.2 \ubcf8 \ud504\ub85c\uadf8\ub7a8\uc758 \ubaa9\uc801\uc740 \uc570\ubc30\uc11c\ub354(\uc774\ud558 \u201e\uc570\ubc30\uc11c\ub354\u201d)\uc758 \ucd94\ucc9c\uc744 \ud1b5\ud574 \uc2e0\uaddc \uace0\uac1d\uc744 \ube44\uc6cc\ub4dc\uc758 \uc9c1\uc7a5 \uc778\uc815 \uc81c\ub3c4 \uc9c0\uc6d0 \uc11c\ube44\uc2a4\uc5d0 \uc720\uce58\ud558\ub294 \uac83\uc785\ub2c8\ub2e4.<\/p>\n\n\n\n<p>1.3 \ubcf8 \ud504\ub85c\uadf8\ub7a8\uc740 Beeward Ltd(\uc774\ud558 \u201e\uc81c\uacf5\uc790\u201d)\uac00 \uc8fc\uad00\ud569\ub2c8\ub2e4.<\/p>\n\n\n\n<p>1.4 \uc570\ubc30\uc11c\ub354\ub294 \ud504\ub85c\uadf8\ub7a8\uc5d0 \ucc38\uc5ec\ud568\uc73c\ub85c\uc368 GTC\uc758 \uc870\ud56d\uc744 \uc218\ub77d\ud569\ub2c8\ub2e4.<\/p>\n\n\n\n<hr class=\"wp-block-separator has-alpha-channel-opacity\"\/>\n\n\n\n<h2 class=\"wp-block-heading\">2. \ud30c\ud2b8\ub108 \ud504\ub85c\uadf8\ub7a8\uc5d0 \ub300\ud55c \uc124\uba85<\/h2>\n\n\n\n<p>2.1 \ubcf8 \ud504\ub85c\uadf8\ub7a8\uc740 \ucc45\uc784\uac10\uc774 \uc788\uace0 Beeward \ud64d\ubcf4\uc5d0 \uc801\uadf9\uc801\uc73c\ub85c \ucc38\uc5ec\ud558\uace0\uc790 \ud558\ub294 \uc804\ubb38\uac00\uc5d0\uac8c \uc5f4\ub824 \uc788\uc2b5\ub2c8\ub2e4.<\/p>\n\n\n\n<p>2.2 \uc570\ubc30\uc11c\ub354\ub294 \uc570\ubc30\uc11c\ub354 \ud398\uc774\uc9c0\ub97c \ud1b5\ud574 \ube44\uc6cc\ub4dc\ub97c \ucd94\ucc9c\ud558\uace0 \ucd94\ucc9c\ud55c \uac01 \uace0\uac1d\uc5d0 \ub300\ud574 \uc218\uc218\ub8cc\ub97c \ubc1b\uc2b5\ub2c8\ub2e4.<\/p>\n\n\n\n<p>2.3 \ud504\ub85c\uadf8\ub7a8\uc5d0 \ucc38\uc5ec\ud558\ub824\uba74 \uc570\ubc30\uc11c\ub354\ub294 \uc2e0\uccad\uc11c\ub97c \uc791\uc131\ud558\uace0 \uc774\uc6a9\uc57d\uad00\uc5d0 \ub3d9\uc758\ud574\uc57c \ud569\ub2c8\ub2e4.<\/p>\n\n\n\n<hr class=\"wp-block-separator has-alpha-channel-opacity\"\/>\n\n\n\n<h2 class=\"wp-block-heading\">3. \ub4f1\ub85d \ubc0f \uacc4\uc57d<\/h2>\n\n\n\n<p>3.1 \ud504\ub85c\uadf8\ub7a8\uc5d0 \ucc38\uc5ec\ud558\ub824\uba74 \uc570\ubc30\uc11c\ub354\ub294 \ube44\uc6cc\ub4dc \uc570\ubc30\uc11c\ub354 \ud398\uc774\uc9c0\uc758 \uc591\uc2dd\uc744 \uc0ac\uc6a9\ud558\uc5ec \uc2e0\uccad\ud574\uc57c \ud569\ub2c8\ub2e4.<\/p>\n\n\n\n<p>3.2 \uc11c\ube44\uc2a4 \uc81c\uacf5\uc5c5\uccb4\uac00 \uc2e0\uccad \uc218\ub77d \uc5ec\ubd80\ub97c \uacb0\uc815\ud558\uba70, \uc2e0\uccad\uc5d0 \uc131\uacf5\ud558\uba74 \uc570\ubc30\uc11c\ub354\ub294 \uc804\uc790 \uacc4\uc57d\uc744 \ud1b5\ud574 \ud504\ub85c\uadf8\ub7a8\uc5d0 \ucc38\uc5ec\ud558\uac8c \ub429\ub2c8\ub2e4.<\/p>\n\n\n\n<p>3.3 \uc570\ubc30\uc11c\ub354\ub294 \uacc4\uc57d\uc774 \uccb4\uacb0\ub41c \ud6c4\uc5d0\ub9cc \uc624\ud37c \uc911\uac1c\ub97c \uc2dc\uc791\ud560 \uc218 \uc788\uc2b5\ub2c8\ub2e4.<\/p>\n\n\n\n<hr class=\"wp-block-separator has-alpha-channel-opacity\"\/>\n\n\n\n<h2 class=\"wp-block-heading\">4. \uc218\uc218\ub8cc \ubc0f \uacb0\uc81c<\/h2>\n\n\n\n<p>4.1 \uc570\ubc30\uc11c\ub354\ub294 \uc790\uc2e0\uc774 \ucd94\ucc9c\ud558\uace0 \uac00\uc785\ud55c \uac01 \ud68c\uc0ac\uc5d0 \ub300\ud574 \uc218\uc218\ub8cc\ub97c \ubc1b\uac8c \ub429\ub2c8\ub2e4.<\/p>\n\n\n\n<p>4.2. \uc218\uc218\ub8cc\uc728\uc740 \ub2e4\uc74c\uacfc \uac19\uc2b5\ub2c8\ub2e4:<\/p>\n\n\n\n<ul class=\"wp-block-list\">\n<li>\uad6c\ub3c5 \uccab \ub2ec\uc758 \ucd1d \uc21c \uc218\uc218\ub8cc\ub294 \uc570\ubc30\uc11c\ub354 \uc694\uae08\uc785\ub2c8\ub2e4.<\/li>\n\n\n\n<li>\uccab\ud574\uac00 \uc9c0\ub098\uba74 \uc570\ubc30\uc11c\ub354\ub294 \uc5f0\uac04 \uc21c \uad6c\ub3c5\ub8cc\uc758 20%\ub97c \ubc1b\uac8c \ub429\ub2c8\ub2e4.<\/li>\n\n\n\n<li>2\ub144\ucc28 \uc774\ud6c4\ubd80\ud130 \uc570\ubc30\uc11c\ub354\ub294 \ucd94\ucc9c\ud55c \ud68c\uc0ac\uac00 \ud65c\uc131 \uad6c\ub3c5\uc790\uc778 \uacbd\uc6b0 \uc5f0\uac04 \uc21c \uad6c\ub3c5\ub8cc\uc758 10%\ub97c \ubc1b\uc744 \uc218 \uc788\uc2b5\ub2c8\ub2e4.<\/li>\n<\/ul>\n\n\n\n<p>4.3 \uc9c0\ubd88\uc740 \uc570\ubc30\uc11c\ub354\uac00 \ubc1c\ud589\ud55c \uccad\uad6c\uc11c\ub97c \uae30\uc900\uc73c\ub85c \uc5f0\uac04 \uc9c0\ubd88\uc774 \uc774\ub8e8\uc5b4\uc9c0\uba70, \uccab \ubc88\uc9f8 \uc6d4\ubcc4 \uc694\uae08\uc740 100%\ub85c \uc570\ubc30\uc11c\ub354\uc5d0\uac8c \uccad\uad6c\ub429\ub2c8\ub2e4. \uad00\ub828 \uccad\uad6c\uc11c\ub294 \uc11c\ube44\uc2a4 \uc81c\uacf5\uc5c5\uccb4\uc758 \uc740\ud589 \uacc4\uc88c\ub85c \uc6d4 \uc218\uc218\ub8cc\uac00 \uc785\uae08\ub418\ub294 \uc989\uc2dc \uc9c0\uae09\ub429\ub2c8\ub2e4. \uc5f0\uac04 \uc218\uc218\ub8cc\ub294 \uccab \ud574\uac00 \ub9cc\ub8cc\ub41c \ud6c4 \uc570\ubc30\uc11c\ub354\uac00 \uccad\uad6c\ud560 \uc218 \uc788\uc2b5\ub2c8\ub2e4. \uad6c\ub3c5 \uae30\uac04\uc774 1\ub144 \ubbf8\ub9cc\uc778 \uacbd\uc6b0 \uc5f0\uac04 \uccad\uad6c\uac00 \ubd88\uac00\ub2a5\ud569\ub2c8\ub2e4.<\/p>\n\n\n\n<p>4.4 \uc11c\ube44\uc2a4 \uc81c\uacf5\uc5c5\uccb4\ub294 \uc218\uc218\ub8cc\uc728\uc744 \ubcc0\uacbd\ud560 \uad8c\ub9ac\uac00 \uc788\uc73c\uba70, \uc774 \uacbd\uc6b0 \uc570\ubc30\uc11c\ub354\uc5d0\uac8c \uc0ac\uc804\uc5d0 \ud1b5\uc9c0\ud569\ub2c8\ub2e4.<\/p>\n\n\n\n<hr class=\"wp-block-separator has-alpha-channel-opacity\"\/>\n\n\n\n<h2 class=\"wp-block-heading\">5. \ub300\uc0ac\uc758 \uc758\ubb34<\/h2>\n\n\n\n<p>5.1 \uc570\ubc30\uc11c\ub354\ub294 \uacf5\uc815\ud558\uace0 \uc724\ub9ac\uc801\uc778 \ubc29\uc2dd\uc73c\ub85c \ube44\uc6cc\ub4dc\uc758 \uc11c\ube44\uc2a4\ub97c \ud64d\ubcf4\ud558\ub294 \ub370 \ub3d9\uc758\ud569\ub2c8\ub2e4.<\/p>\n\n\n\n<p>5.2 \uc570\ubc30\uc11c\ub354\ub294 \uc624\ud574\uc758 \uc18c\uc9c0\uac00 \uc788\ub294 \uad11\uace0, \uc2a4\ud338 \ub610\ub294 \ubd88\uacf5\uc815 \ub9c8\ucf00\ud305 \uae30\ubc95\uc744 \uc0ac\uc6a9\ud574\uc11c\ub294 \uc548 \ub429\ub2c8\ub2e4.<\/p>\n\n\n\n<p>5.3 \uc570\ubc30\uc11c\ub354\ub294 \uc11c\ube44\uc2a4 \uc81c\uacf5\uc5c5\uccb4\uc758 \uc774\ubbf8\uc9c0 \ubc0f \ucee4\ubba4\ub2c8\ucf00\uc774\uc158 \uac00\uc774\ub4dc\ub77c\uc778\uc744 \uc900\uc218\ud574\uc57c \ud569\ub2c8\ub2e4.<\/p>\n\n\n\n<hr class=\"wp-block-separator has-alpha-channel-opacity\"\/>\n\n\n\n<h2 class=\"wp-block-heading\">6. \uc11c\ube44\uc2a4 \uc81c\uacf5\uc790\uc758 \uad8c\ub9ac \ubc0f \uc758\ubb34<\/h2>\n\n\n\n<p>6.1 \uacf5\uae09\uc790\ub294 \uc570\ubc30\uc11c\ub354\uc5d0\uac8c \ud544\uc694\ud55c \ub9c8\ucf00\ud305 \ubc0f \uc601\uc5c5 \uc790\ub8cc\ub97c \uc81c\uacf5\ud574\uc57c \ud569\ub2c8\ub2e4.<\/p>\n\n\n\n<p>6.2 \uc11c\ube44\uc2a4 \uc81c\uacf5\uc790\ub294 \ud544\uc694\ud55c \uacbd\uc6b0 \ud504\ub85c\uadf8\ub7a8 \uaddc\uce59 \ub610\ub294 \ud64d\ubcf4\ub300\uc0ac\uc758 \uc9c0\uc704\ub97c \ubcc0\uacbd\ud560 \uc218 \uc788\ub294 \uad8c\ub9ac\ub97c \ubcf4\uc720\ud569\ub2c8\ub2e4.<\/p>\n\n\n\n<p>6.3 \uc11c\ube44\uc2a4 \uc81c\uacf5\uc5c5\uccb4\ub294 \uc570\ubc30\uc11c\ub354\uac00 \uc724\ub9ac \ub610\ub294 \uacc4\uc57d \uaddc\uc815\uc744 \uc704\ubc18\ud558\ub294 \uacbd\uc6b0 \ud574\ub2f9 \uc570\ubc30\uc11c\ub354\ub97c \ud504\ub85c\uadf8\ub7a8\uc5d0\uc11c \uc81c\uc678\ud560 \uad8c\ub9ac\uac00 \uc788\uc2b5\ub2c8\ub2e4.<\/p>\n\n\n\n<hr class=\"wp-block-separator has-alpha-channel-opacity\"\/>\n\n\n\n<h2 class=\"wp-block-heading\">7. \uacc4\uc57d \ud574\uc9c0<\/h2>\n\n\n\n<p>7.1 \uc570\ubc30\uc11c\ub354\ub294 \uc11c\ube44\uc2a4 \uc81c\uacf5\uc5c5\uccb4\uc5d0 \uc11c\uba74\uc73c\ub85c \ud1b5\uc9c0\ud558\uc5ec \uc5b8\uc81c\ub4e0\uc9c0 \ud504\ub85c\uadf8\ub7a8\uc5d0\uc11c \ud0c8\ud1f4\ud560 \uc218 \uc788\uc2b5\ub2c8\ub2e4.<\/p>\n\n\n\n<p>7.2 \uc11c\ube44\uc2a4 \uc81c\uacf5\uc790\ub294 \uc570\ubc30\uc11c\ub354\uac00 GTC\ub97c \uc704\ubc18\ud558\uac70\ub098 \ube44\uc724\ub9ac\uc801\uc778 \ud589\uc704\ub97c \ud558\ub294 \uacbd\uc6b0 \uc570\ubc30\uc11c\ub354\uc758 \uace0\uc6a9\uc744 \ud574\uc9c0\ud560 \uc218 \uc788\uc2b5\ub2c8\ub2e4.<\/p>\n\n\n\n<p>7.3 \uacc4\uc57d\uc774 \ud574\uc9c0\ub418\ub294 \uacbd\uc6b0 \uc570\ubc30\uc11c\ub354\ub294 \ubc1c\uc0dd\ud588\uc9c0\ub9cc \uc544\uc9c1 \uc9c0\uae09\ub418\uc9c0 \uc54a\uc740 \ubaa8\ub4e0 \uc218\uc218\ub8cc\ub97c \uc218\ub839\ud558\uc9c0\ub9cc \ub354 \uc774\uc0c1 \uc218\uc218\ub8cc\ub97c \ubc1b\uc744 \uc218 \uc5c6\uc2b5\ub2c8\ub2e4.<\/p>\n\n\n\n<hr class=\"wp-block-separator has-alpha-channel-opacity\"\/>\n\n\n\n<h2 class=\"wp-block-heading\">8. \ub370\uc774\ud130 \uad00\ub9ac \ubc0f GDPR \uc900\uc218<\/h2>\n\n\n\n<p>8.1 \uc11c\ube44\uc2a4 \uc81c\uacf5\uc790\ub294 \ud504\ub85c\uadf8\ub7a8 \uc6b4\uc601 \ubaa9\uc801\uc73c\ub85c\ub9cc \uc570\ubc30\uc11c\ub354\uc758 \ub370\uc774\ud130\ub97c \uc0ac\uc6a9\ud569\ub2c8\ub2e4.<\/p>\n\n\n\n<p>8.2 \uc570\ubc30\uc11c\ub354\ub294 GDPR\uc5d0 \ub530\ub77c \ud68d\ub4dd\ud55c \uace0\uac1d \ub370\uc774\ud130\ub97c \ucc98\ub9ac\ud560 \uac83\uc744 \uc57d\uc18d\ud569\ub2c8\ub2e4.<\/p>\n\n\n\n<p>8.3 \ub370\uc774\ud130 \ucc98\ub9ac\uc5d0 \ub300\ud55c \uc790\uc138\ud55c \ub0b4\uc6a9\uc740 \ube44\uc6cc\ub4dc\uc758 \uac1c\uc778\uc815\ubcf4 \ucc98\ub9ac\ubc29\uce68\uc5d0 \uba85\uc2dc\ub418\uc5b4 \uc788\uc2b5\ub2c8\ub2e4.<\/p>\n\n\n\n<hr class=\"wp-block-separator has-alpha-channel-opacity\"\/>\n\n\n\n<h2 class=\"wp-block-heading\">9. \uae30\ud0c0 \uc870\ud56d<\/h2>\n\n\n\n<p>9.1 \uc11c\ube44\uc2a4 \uc81c\uacf5\uc790\ub294 GTC\ub97c \uc218\uc815\ud560 \uad8c\ub9ac\ub97c \ubcf4\uc720\ud558\uba70, \uc774 \uacbd\uc6b0 \uc570\ubc30\uc11c\ub354\uc5d0\uac8c \uc0ac\uc804\uc5d0 \ud1b5\uc9c0\ud574\uc57c \ud569\ub2c8\ub2e4.<\/p>\n\n\n\n<p>9.2 \ubd84\uc7c1\uc774 \ubc1c\uc0dd\ud558\ub294 \uacbd\uc6b0 \uc591 \ub2f9\uc0ac\uc790\ub294 \ubc95\uc815 \uc678 \ud569\uc758\uc5d0 \ub3c4\ub2ec\ud558\uae30 \uc704\ud574 \ub178\ub825\ud574\uc57c \ud558\uba70, \ud569\uc758\uc5d0 \uc2e4\ud328\ud560 \uacbd\uc6b0 \uc11c\ube44\uc2a4 \uc81c\uacf5\uc5c5\uccb4\uc758 \uc18c\uc7ac\uc9c0 \ubc95\uc6d0\uc774 \uad00\ud560\uad8c\uc744 \uac16\uc2b5\ub2c8\ub2e4.<\/p>\n\n\n\n<p>9.3. \ubcf8 GTC \ubc1c\ud6a8\uc77c: 18.02.2025.<\/p>\n\n\n\n<div style=\"height:160px\" aria-hidden=\"true\" class=\"wp-block-spacer\"><\/div>\n\n\n\n<p><\/p>","protected":false},"excerpt":{"rendered":"<p>C\u00e9gn\u00e9v: Beeward Kft.&nbsp; Sz\u00e9khely: 7621 P\u00e9cs, Kazinczy u. 2. K\u00e9pvisel\u0151: Lovas M\u00e1t\u00e9 Ad\u00f3sz\u00e1m: 32663871-2-02 C\u00e9gjegyz\u00e9ksz\u00e1m: 02-09-088628 Telefonsz\u00e1m: + 36 30 480 0513 Weboldal: https:\/\/beeward.buzz E-mail: mate@beeward.buzz 1. Bevezet\u0151 rendelkez\u00e9sek 1.1. Jelen \u00c1ltal\u00e1nos Szerz\u0151d\u00e9si Felt\u00e9telek (tov\u00e1bbiakban: &#8222;\u00c1SZF&#8221;) a Beeward nagyk\u00f6veti partnerprogramj\u00e1nak (tov\u00e1bbiakban: &#8222;Program&#8221;) r\u00e9szleteit, a felek jogait \u00e9s k\u00f6telezetts\u00e9geit r\u00f6gz\u00edti. 1.2. A Program c\u00e9lja, hogy a [&hellip;]<\/p>\n","protected":false},"author":3,"featured_media":0,"parent":0,"menu_order":0,"comment_status":"closed","ping_status":"closed","template":"","meta":{"footnotes":""},"class_list":["post-6755","page","type-page","status-publish","hentry"],"yoast_head":"<!-- This site is optimized with the Yoast SEO plugin v27.3 - https:\/\/yoast.com\/product\/yoast-seo-wordpress\/ -->\n<title>\u00c1SZF - Beeward nagyk\u00f6veti program - Beeward<\/title>\n<meta name=\"description\" content=\"\u00c1ltal\u00e1nos szerz\u0151d\u00e9si felt\u00e9telek - Beeward Kft.\" \/>\n<meta name=\"robots\" content=\"index, follow, max-snippet:-1, max-image-preview:large, max-video-preview:-1\" \/>\n<link rel=\"canonical\" href=\"https:\/\/beeward.buzz\/ko\/\uc54c\ud0c0\ub780\ub85c\uc2a4-\uc138\ub974\uc870\ub370\uc2dc-\ud1a0\ud37c\uc2a4-\ub098\uae30\ucf54\ubca0\ud2f0-\ud504\ub85c\uadf8\/\" \/>\n<meta property=\"og:locale\" content=\"ko_KR\" \/>\n<meta property=\"og:type\" content=\"article\" \/>\n<meta property=\"og:title\" content=\"\u00c1SZF - Beeward nagyk\u00f6veti program - Beeward\" \/>\n<meta property=\"og:description\" content=\"\u00c1ltal\u00e1nos szerz\u0151d\u00e9si felt\u00e9telek - Beeward Kft.\" \/>\n<meta property=\"og:url\" content=\"https:\/\/beeward.buzz\/ko\/\uc54c\ud0c0\ub780\ub85c\uc2a4-\uc138\ub974\uc870\ub370\uc2dc-\ud1a0\ud37c\uc2a4-\ub098\uae30\ucf54\ubca0\ud2f0-\ud504\ub85c\uadf8\/\" \/>\n<meta property=\"og:site_name\" content=\"Beeward\" \/>\n<meta property=\"article:publisher\" content=\"https:\/\/www.facebook.com\/beeward.buzz\" \/>\n<meta property=\"article:modified_time\" content=\"2025-02-17T22:51:09+00:00\" \/>\n<meta property=\"og:image\" content=\"https:\/\/beeward.buzz\/wp-content\/uploads\/2024\/10\/beeward_logo_color-1.png\" \/>\n\t<meta property=\"og:image:width\" content=\"1062\" \/>\n\t<meta property=\"og:image:height\" content=\"600\" \/>\n\t<meta property=\"og:image:type\" content=\"image\/png\" \/>\n<meta name=\"twitter:card\" content=\"summary_large_image\" \/>\n<meta name=\"twitter:label1\" content=\"\uc608\uc0c1 \ub418\ub294 \ud310\ub3c5 \uc2dc\uac04\" \/>\n\t<meta name=\"twitter:data1\" content=\"4\ubd84\" \/>\n<script type=\"application\/ld+json\" class=\"yoast-schema-graph\">{\"@context\":\"https:\\\/\\\/schema.org\",\"@graph\":[{\"@type\":\"WebPage\",\"@id\":\"https:\\\/\\\/beeward.buzz\\\/altalanos-szerzodesi-feltetelek-nagykoveti-program\\\/\",\"url\":\"https:\\\/\\\/beeward.buzz\\\/altalanos-szerzodesi-feltetelek-nagykoveti-program\\\/\",\"name\":\"\u00c1SZF - Beeward nagyk\u00f6veti program - Beeward\",\"isPartOf\":{\"@id\":\"https:\\\/\\\/beeward.buzz\\\/#website\"},\"datePublished\":\"2025-02-17T22:48:35+00:00\",\"dateModified\":\"2025-02-17T22:51:09+00:00\",\"description\":\"\u00c1ltal\u00e1nos szerz\u0151d\u00e9si felt\u00e9telek - Beeward Kft.\",\"breadcrumb\":{\"@id\":\"https:\\\/\\\/beeward.buzz\\\/altalanos-szerzodesi-feltetelek-nagykoveti-program\\\/#breadcrumb\"},\"inLanguage\":\"ko-KR\",\"potentialAction\":[{\"@type\":\"ReadAction\",\"target\":[\"https:\\\/\\\/beeward.buzz\\\/altalanos-szerzodesi-feltetelek-nagykoveti-program\\\/\"]}]},{\"@type\":\"BreadcrumbList\",\"@id\":\"https:\\\/\\\/beeward.buzz\\\/altalanos-szerzodesi-feltetelek-nagykoveti-program\\\/#breadcrumb\",\"itemListElement\":[{\"@type\":\"ListItem\",\"position\":1,\"name\":\"Kezd\u0151lap\",\"item\":\"https:\\\/\\\/beeward.buzz\\\/\"},{\"@type\":\"ListItem\",\"position\":2,\"name\":\"\u00c1SZF &#8211; Beeward nagyk\u00f6veti program\"}]},{\"@type\":\"WebSite\",\"@id\":\"https:\\\/\\\/beeward.buzz\\\/#website\",\"url\":\"https:\\\/\\\/beeward.buzz\\\/\",\"name\":\"Beeward\",\"description\":\"Jobb munkahelyi kapcsolatokat \u00e9p\u00edt\u00fcnk, elismer\u00e9s, motiv\u00e1ci\u00f3, jutalmaz\u00e1s\",\"publisher\":{\"@id\":\"https:\\\/\\\/beeward.buzz\\\/#organization\"},\"potentialAction\":[{\"@type\":\"SearchAction\",\"target\":{\"@type\":\"EntryPoint\",\"urlTemplate\":\"https:\\\/\\\/beeward.buzz\\\/?s={search_term_string}\"},\"query-input\":{\"@type\":\"PropertyValueSpecification\",\"valueRequired\":true,\"valueName\":\"search_term_string\"}}],\"inLanguage\":\"ko-KR\"},{\"@type\":\"Organization\",\"@id\":\"https:\\\/\\\/beeward.buzz\\\/#organization\",\"name\":\"Beeward\",\"url\":\"https:\\\/\\\/beeward.buzz\\\/\",\"logo\":{\"@type\":\"ImageObject\",\"inLanguage\":\"ko-KR\",\"@id\":\"https:\\\/\\\/beeward.buzz\\\/#\\\/schema\\\/logo\\\/image\\\/\",\"url\":\"https:\\\/\\\/beeward.buzz\\\/wp-content\\\/uploads\\\/2024\\\/08\\\/beeward_logo_black.svg\",\"contentUrl\":\"https:\\\/\\\/beeward.buzz\\\/wp-content\\\/uploads\\\/2024\\\/08\\\/beeward_logo_black.svg\",\"width\":130,\"height\":45,\"caption\":\"Beeward\"},\"image\":{\"@id\":\"https:\\\/\\\/beeward.buzz\\\/#\\\/schema\\\/logo\\\/image\\\/\"},\"sameAs\":[\"https:\\\/\\\/www.facebook.com\\\/beeward.buzz\",\"https:\\\/\\\/www.linkedin.com\\\/company\\\/beeward\\\/\",\"https:\\\/\\\/www.instagram.com\\\/beeward.buzz\\\/\",\"https:\\\/\\\/www.tiktok.com\\\/@beeward.buzz\"]}]}<\/script>\n<!-- \/ Yoast SEO plugin. -->","yoast_head_json":{"title":"GTC - \ube44\uc6cc\ub4dc \uc570\ubc30\uc11c\ub354 \ud504\ub85c\uadf8\ub7a8 - Beeward","description":"\uc77c\ubc18 \uc774\uc6a9 \uc57d\uad00 - Beeward Kft.","robots":{"index":"index","follow":"follow","max-snippet":"max-snippet:-1","max-image-preview":"max-image-preview:large","max-video-preview":"max-video-preview:-1"},"canonical":"https:\/\/beeward.buzz\/ko\/\uc54c\ud0c0\ub780\ub85c\uc2a4-\uc138\ub974\uc870\ub370\uc2dc-\ud1a0\ud37c\uc2a4-\ub098\uae30\ucf54\ubca0\ud2f0-\ud504\ub85c\uadf8\/","og_locale":"ko_KR","og_type":"article","og_title":"\u00c1SZF - Beeward nagyk\u00f6veti program - Beeward","og_description":"\u00c1ltal\u00e1nos szerz\u0151d\u00e9si felt\u00e9telek - Beeward Kft.","og_url":"https:\/\/beeward.buzz\/ko\/\uc54c\ud0c0\ub780\ub85c\uc2a4-\uc138\ub974\uc870\ub370\uc2dc-\ud1a0\ud37c\uc2a4-\ub098\uae30\ucf54\ubca0\ud2f0-\ud504\ub85c\uadf8\/","og_site_name":"Beeward","article_publisher":"https:\/\/www.facebook.com\/beeward.buzz","article_modified_time":"2025-02-17T22:51:09+00:00","og_image":[{"width":1062,"height":600,"url":"https:\/\/beeward.buzz\/wp-content\/uploads\/2024\/10\/beeward_logo_color-1.png","type":"image\/png"}],"twitter_card":"summary_large_image","twitter_misc":{"\uc608\uc0c1 \ub418\ub294 \ud310\ub3c5 \uc2dc\uac04":"4\ubd84"},"schema":{"@context":"https:\/\/schema.org","@graph":[{"@type":"WebPage","@id":"https:\/\/beeward.buzz\/altalanos-szerzodesi-feltetelek-nagykoveti-program\/","url":"https:\/\/beeward.buzz\/altalanos-szerzodesi-feltetelek-nagykoveti-program\/","name":"GTC - \ube44\uc6cc\ub4dc \uc570\ubc30\uc11c\ub354 \ud504\ub85c\uadf8\ub7a8 - Beeward","isPartOf":{"@id":"https:\/\/beeward.buzz\/#website"},"datePublished":"2025-02-17T22:48:35+00:00","dateModified":"2025-02-17T22:51:09+00:00","description":"\uc77c\ubc18 \uc774\uc6a9 \uc57d\uad00 - Beeward Kft.","breadcrumb":{"@id":"https:\/\/beeward.buzz\/altalanos-szerzodesi-feltetelek-nagykoveti-program\/#breadcrumb"},"inLanguage":"ko-KR","potentialAction":[{"@type":"ReadAction","target":["https:\/\/beeward.buzz\/altalanos-szerzodesi-feltetelek-nagykoveti-program\/"]}]},{"@type":"BreadcrumbList","@id":"https:\/\/beeward.buzz\/altalanos-szerzodesi-feltetelek-nagykoveti-program\/#breadcrumb","itemListElement":[{"@type":"ListItem","position":1,"name":"Kezd\u0151lap","item":"https:\/\/beeward.buzz\/"},{"@type":"ListItem","position":2,"name":"\u00c1SZF &#8211; Beeward nagyk\u00f6veti program"}]},{"@type":"WebSite","@id":"https:\/\/beeward.buzz\/#website","url":"https:\/\/beeward.buzz\/","name":"Beeward","description":"\ub354 \ub098\uc740 \uc9c1\uc7a5 \ub0b4 \uad00\uacc4, \uc778\uc815, \ub3d9\uae30 \ubd80\uc5ec, \ubcf4\uc0c1 \uad6c\ucd95","publisher":{"@id":"https:\/\/beeward.buzz\/#organization"},"potentialAction":[{"@type":"SearchAction","target":{"@type":"EntryPoint","urlTemplate":"https:\/\/beeward.buzz\/?s={search_term_string}"},"query-input":{"@type":"PropertyValueSpecification","valueRequired":true,"valueName":"search_term_string"}}],"inLanguage":"ko-KR"},{"@type":"Organization","@id":"https:\/\/beeward.buzz\/#organization","name":"Beeward","url":"https:\/\/beeward.buzz\/","logo":{"@type":"ImageObject","inLanguage":"ko-KR","@id":"https:\/\/beeward.buzz\/#\/schema\/logo\/image\/","url":"https:\/\/beeward.buzz\/wp-content\/uploads\/2024\/08\/beeward_logo_black.svg","contentUrl":"https:\/\/beeward.buzz\/wp-content\/uploads\/2024\/08\/beeward_logo_black.svg","width":130,"height":45,"caption":"Beeward"},"image":{"@id":"https:\/\/beeward.buzz\/#\/schema\/logo\/image\/"},"sameAs":["https:\/\/www.facebook.com\/beeward.buzz","https:\/\/www.linkedin.com\/company\/beeward\/","https:\/\/www.instagram.com\/beeward.buzz\/","https:\/\/www.tiktok.com\/@beeward.buzz"]}]}},"_links":{"self":[{"href":"https:\/\/beeward.buzz\/ko\/wp-json\/wp\/v2\/pages\/6755","targetHints":{"allow":["GET"]}}],"collection":[{"href":"https:\/\/beeward.buzz\/ko\/wp-json\/wp\/v2\/pages"}],"about":[{"href":"https:\/\/beeward.buzz\/ko\/wp-json\/wp\/v2\/types\/page"}],"author":[{"embeddable":true,"href":"https:\/\/beeward.buzz\/ko\/wp-json\/wp\/v2\/users\/3"}],"replies":[{"embeddable":true,"href":"https:\/\/beeward.buzz\/ko\/wp-json\/wp\/v2\/comments?post=6755"}],"version-history":[{"count":0,"href":"https:\/\/beeward.buzz\/ko\/wp-json\/wp\/v2\/pages\/6755\/revisions"}],"wp:attachment":[{"href":"https:\/\/beeward.buzz\/ko\/wp-json\/wp\/v2\/media?parent=6755"}],"curies":[{"name":"wp","href":"https:\/\/api.w.org\/{rel}","templated":true}]}}