{"id":9629,"date":"2026-03-30T18:11:57","date_gmt":"2026-03-30T16:11:57","guid":{"rendered":"https:\/\/beeward.buzz\/?page_id=9629"},"modified":"2026-03-30T18:13:15","modified_gmt":"2026-03-30T16:13:15","slug":"nectar-rush","status":"publish","type":"page","link":"https:\/\/beeward.buzz\/en\/nectar-rush\/","title":{"rendered":"Nectar rush"},"content":{"rendered":"<div data-elementor-type=\"wp-page\" data-elementor-id=\"9629\" class=\"elementor elementor-9629\" data-elementor-post-type=\"page\">\n\t\t\t\t<div class=\"elementor-element elementor-element-3eecc9e e-flex e-con-boxed e-con e-parent\" data-id=\"3eecc9e\" data-element_type=\"container\" data-e-type=\"container\">\n\t\t\t\t\t<div class=\"e-con-inner\">\n\t\t\t\t<div class=\"elementor-element elementor-element-75158ce elementor-widget elementor-widget-html\" data-id=\"75158ce\" data-element_type=\"widget\" data-e-type=\"widget\" data-widget_type=\"html.default\">\n\t\t\t\t<div class=\"elementor-widget-container\">\n\t\t\t\t\t<!DOCTYPE html>\n<html>\n<head>\n  <style>\n    * { margin: 0; padding: 0; outline: none !important; box-sizing: border-box; }\n    html, body, #root { width: 100%; height: 100%; overflow: hidden; background: #000; }\n    canvas { display: block; outline: none !important; }\n    #canvas { position: absolute; top: 0; left: 0; }\n  <\/style>\n\n  <script type=\"importmap\">\n  {\n    \"imports\": {\n      \"three\": \"https:\/\/cdn.jsdelivr.net\/npm\/three@0.183.2\/build\/three.module.js\",\n      \"three\/webgpu\": \"https:\/\/cdn.jsdelivr.net\/npm\/three@0.183.2\/build\/three.webgpu.js\",\n      \"three\/tsl\": \"https:\/\/cdn.jsdelivr.net\/npm\/three@0.183.2\/build\/three.tsl.js\",\n      \"three\/addons\/\": \"https:\/\/cdn.jsdelivr.net\/npm\/three@0.183.2\/examples\/jsm\/\"\n    }\n  }\n  <\/script>\n\n<\/head>\n<body>\n  <div id=\"root\"><\/div>\n  <script type=\"module\" src=\"\/scene.js\"><\/script>\n<\/body>\n<\/html>\t\t\t\t<\/div>\n\t\t\t\t<\/div>\n\t\t\t\t\t<\/div>\n\t\t\t\t<\/div>\n\t\t\t\t<\/div>","protected":false},"excerpt":{"rendered":"","protected":false},"author":3,"featured_media":0,"parent":0,"menu_order":0,"comment_status":"closed","ping_status":"closed","template":"","meta":{"footnotes":""},"class_list":["post-9629","page","type-page","status-publish","hentry"],"yoast_head":"<!-- This site is optimized with the Yoast SEO plugin v27.3 - https:\/\/yoast.com\/product\/yoast-seo-wordpress\/ -->\n<title>Nectar rush - Beeward<\/title>\n<meta name=\"robots\" content=\"index, follow, max-snippet:-1, max-image-preview:large, max-video-preview:-1\" \/>\n<link rel=\"canonical\" href=\"https:\/\/beeward.buzz\/en\/nectar-rush\/\" \/>\n<meta property=\"og:locale\" content=\"en_US\" \/>\n<meta property=\"og:type\" content=\"article\" \/>\n<meta property=\"og:title\" content=\"Nectar rush - Beeward\" \/>\n<meta property=\"og:url\" content=\"https:\/\/beeward.buzz\/en\/nectar-rush\/\" \/>\n<meta property=\"og:site_name\" content=\"Beeward\" \/>\n<meta property=\"article:publisher\" content=\"https:\/\/www.facebook.com\/beeward.buzz\" \/>\n<meta property=\"article:modified_time\" content=\"2026-03-30T16:13:15+00:00\" \/>\n<meta property=\"og:image\" content=\"https:\/\/beeward.buzz\/wp-content\/uploads\/2024\/10\/beeward_logo_color-1.png\" \/>\n\t<meta property=\"og:image:width\" content=\"1062\" \/>\n\t<meta property=\"og:image:height\" content=\"600\" \/>\n\t<meta property=\"og:image:type\" content=\"image\/png\" \/>\n<meta name=\"twitter:card\" content=\"summary_large_image\" \/>\n<script type=\"application\/ld+json\" class=\"yoast-schema-graph\">{\"@context\":\"https:\\\/\\\/schema.org\",\"@graph\":[{\"@type\":\"WebPage\",\"@id\":\"https:\\\/\\\/beeward.buzz\\\/nectar-rush\\\/\",\"url\":\"https:\\\/\\\/beeward.buzz\\\/nectar-rush\\\/\",\"name\":\"Nectar rush - Beeward\",\"isPartOf\":{\"@id\":\"https:\\\/\\\/beeward.buzz\\\/#website\"},\"datePublished\":\"2026-03-30T16:11:57+00:00\",\"dateModified\":\"2026-03-30T16:13:15+00:00\",\"breadcrumb\":{\"@id\":\"https:\\\/\\\/beeward.buzz\\\/nectar-rush\\\/#breadcrumb\"},\"inLanguage\":\"en-US\",\"potentialAction\":[{\"@type\":\"ReadAction\",\"target\":[\"https:\\\/\\\/beeward.buzz\\\/nectar-rush\\\/\"]}]},{\"@type\":\"BreadcrumbList\",\"@id\":\"https:\\\/\\\/beeward.buzz\\\/nectar-rush\\\/#breadcrumb\",\"itemListElement\":[{\"@type\":\"ListItem\",\"position\":1,\"name\":\"Kezd\u0151lap\",\"item\":\"https:\\\/\\\/beeward.buzz\\\/\"},{\"@type\":\"ListItem\",\"position\":2,\"name\":\"Nectar rush\"}]},{\"@type\":\"WebSite\",\"@id\":\"https:\\\/\\\/beeward.buzz\\\/#website\",\"url\":\"https:\\\/\\\/beeward.buzz\\\/\",\"name\":\"Beeward\",\"description\":\"Jobb munkahelyi kapcsolatokat \u00e9p\u00edt\u00fcnk, elismer\u00e9s, motiv\u00e1ci\u00f3, jutalmaz\u00e1s\",\"publisher\":{\"@id\":\"https:\\\/\\\/beeward.buzz\\\/#organization\"},\"potentialAction\":[{\"@type\":\"SearchAction\",\"target\":{\"@type\":\"EntryPoint\",\"urlTemplate\":\"https:\\\/\\\/beeward.buzz\\\/?s={search_term_string}\"},\"query-input\":{\"@type\":\"PropertyValueSpecification\",\"valueRequired\":true,\"valueName\":\"search_term_string\"}}],\"inLanguage\":\"en-US\"},{\"@type\":\"Organization\",\"@id\":\"https:\\\/\\\/beeward.buzz\\\/#organization\",\"name\":\"Beeward\",\"url\":\"https:\\\/\\\/beeward.buzz\\\/\",\"logo\":{\"@type\":\"ImageObject\",\"inLanguage\":\"en-US\",\"@id\":\"https:\\\/\\\/beeward.buzz\\\/#\\\/schema\\\/logo\\\/image\\\/\",\"url\":\"https:\\\/\\\/beeward.buzz\\\/wp-content\\\/uploads\\\/2024\\\/08\\\/beeward_logo_black.svg\",\"contentUrl\":\"https:\\\/\\\/beeward.buzz\\\/wp-content\\\/uploads\\\/2024\\\/08\\\/beeward_logo_black.svg\",\"width\":130,\"height\":45,\"caption\":\"Beeward\"},\"image\":{\"@id\":\"https:\\\/\\\/beeward.buzz\\\/#\\\/schema\\\/logo\\\/image\\\/\"},\"sameAs\":[\"https:\\\/\\\/www.facebook.com\\\/beeward.buzz\",\"https:\\\/\\\/www.linkedin.com\\\/company\\\/beeward\\\/\",\"https:\\\/\\\/www.instagram.com\\\/beeward.buzz\\\/\",\"https:\\\/\\\/www.tiktok.com\\\/@beeward.buzz\"]}]}<\/script>\n<!-- \/ Yoast SEO plugin. -->","yoast_head_json":{"title":"Nectar rush - Beeward","robots":{"index":"index","follow":"follow","max-snippet":"max-snippet:-1","max-image-preview":"max-image-preview:large","max-video-preview":"max-video-preview:-1"},"canonical":"https:\/\/beeward.buzz\/en\/nectar-rush\/","og_locale":"en_US","og_type":"article","og_title":"Nectar rush - Beeward","og_url":"https:\/\/beeward.buzz\/en\/nectar-rush\/","og_site_name":"Beeward","article_publisher":"https:\/\/www.facebook.com\/beeward.buzz","article_modified_time":"2026-03-30T16:13:15+00:00","og_image":[{"width":1062,"height":600,"url":"https:\/\/beeward.buzz\/wp-content\/uploads\/2024\/10\/beeward_logo_color-1.png","type":"image\/png"}],"twitter_card":"summary_large_image","schema":{"@context":"https:\/\/schema.org","@graph":[{"@type":"WebPage","@id":"https:\/\/beeward.buzz\/nectar-rush\/","url":"https:\/\/beeward.buzz\/nectar-rush\/","name":"Nectar rush - Beeward","isPartOf":{"@id":"https:\/\/beeward.buzz\/#website"},"datePublished":"2026-03-30T16:11:57+00:00","dateModified":"2026-03-30T16:13:15+00:00","breadcrumb":{"@id":"https:\/\/beeward.buzz\/nectar-rush\/#breadcrumb"},"inLanguage":"en-US","potentialAction":[{"@type":"ReadAction","target":["https:\/\/beeward.buzz\/nectar-rush\/"]}]},{"@type":"BreadcrumbList","@id":"https:\/\/beeward.buzz\/nectar-rush\/#breadcrumb","itemListElement":[{"@type":"ListItem","position":1,"name":"Kezd\u0151lap","item":"https:\/\/beeward.buzz\/"},{"@type":"ListItem","position":2,"name":"Nectar rush"}]},{"@type":"WebSite","@id":"https:\/\/beeward.buzz\/#website","url":"https:\/\/beeward.buzz\/","name":"Beeward","description":"Building better workplace relationships, recognition, motivation, rewards","publisher":{"@id":"https:\/\/beeward.buzz\/#organization"},"potentialAction":[{"@type":"SearchAction","target":{"@type":"EntryPoint","urlTemplate":"https:\/\/beeward.buzz\/?s={search_term_string}"},"query-input":{"@type":"PropertyValueSpecification","valueRequired":true,"valueName":"search_term_string"}}],"inLanguage":"en-US"},{"@type":"Organization","@id":"https:\/\/beeward.buzz\/#organization","name":"Beeward","url":"https:\/\/beeward.buzz\/","logo":{"@type":"ImageObject","inLanguage":"en-US","@id":"https:\/\/beeward.buzz\/#\/schema\/logo\/image\/","url":"https:\/\/beeward.buzz\/wp-content\/uploads\/2024\/08\/beeward_logo_black.svg","contentUrl":"https:\/\/beeward.buzz\/wp-content\/uploads\/2024\/08\/beeward_logo_black.svg","width":130,"height":45,"caption":"Beeward"},"image":{"@id":"https:\/\/beeward.buzz\/#\/schema\/logo\/image\/"},"sameAs":["https:\/\/www.facebook.com\/beeward.buzz","https:\/\/www.linkedin.com\/company\/beeward\/","https:\/\/www.instagram.com\/beeward.buzz\/","https:\/\/www.tiktok.com\/@beeward.buzz"]}]}},"_links":{"self":[{"href":"https:\/\/beeward.buzz\/en\/wp-json\/wp\/v2\/pages\/9629","targetHints":{"allow":["GET"]}}],"collection":[{"href":"https:\/\/beeward.buzz\/en\/wp-json\/wp\/v2\/pages"}],"about":[{"href":"https:\/\/beeward.buzz\/en\/wp-json\/wp\/v2\/types\/page"}],"author":[{"embeddable":true,"href":"https:\/\/beeward.buzz\/en\/wp-json\/wp\/v2\/users\/3"}],"replies":[{"embeddable":true,"href":"https:\/\/beeward.buzz\/en\/wp-json\/wp\/v2\/comments?post=9629"}],"version-history":[{"count":5,"href":"https:\/\/beeward.buzz\/en\/wp-json\/wp\/v2\/pages\/9629\/revisions"}],"predecessor-version":[{"id":9634,"href":"https:\/\/beeward.buzz\/en\/wp-json\/wp\/v2\/pages\/9629\/revisions\/9634"}],"wp:attachment":[{"href":"https:\/\/beeward.buzz\/en\/wp-json\/wp\/v2\/media?parent=9629"}],"curies":[{"name":"wp","href":"https:\/\/api.w.org\/{rel}","templated":true}]}}