{"id":8367,"date":"2025-06-04T09:44:35","date_gmt":"2025-06-04T07:44:35","guid":{"rendered":"https:\/\/beeward.buzz\/?page_id=8367"},"modified":"2025-06-04T16:02:43","modified_gmt":"2025-06-04T14:02:43","slug":"beept-thankyou","status":"publish","type":"page","link":"https:\/\/beeward.buzz\/en\/beept-thankyou\/","title":{"rendered":"BeePT thankyou"},"content":{"rendered":"<div data-elementor-type=\"wp-page\" data-elementor-id=\"8367\" class=\"elementor elementor-8367\" data-elementor-post-type=\"page\">\n\t\t\t\t<div class=\"elementor-element elementor-element-ffba72a e-flex e-con-boxed e-con e-parent\" data-id=\"ffba72a\" data-element_type=\"container\" data-e-type=\"container\" data-settings=\"{&quot;background_background&quot;:&quot;classic&quot;}\">\n\t\t\t\t\t<div class=\"e-con-inner\">\n\t\t\t\t<div class=\"elementor-element elementor-element-671aa8c elementor-widget elementor-widget-image\" data-id=\"671aa8c\" data-element_type=\"widget\" data-e-type=\"widget\" data-widget_type=\"image.default\">\n\t\t\t\t<div class=\"elementor-widget-container\">\n\t\t\t\t\t\t\t\t\t\t\t\t\t\t\t<img fetchpriority=\"high\" decoding=\"async\" width=\"296\" height=\"200\" src=\"https:\/\/beeward.buzz\/wp-content\/uploads\/2025\/06\/robot.gif\" class=\"attachment-large size-large wp-image-8369\" alt=\"\" \/>\t\t\t\t\t\t\t\t\t\t\t\t\t\t\t<\/div>\n\t\t\t\t<\/div>\n\t\t\t\t<div class=\"elementor-element elementor-element-fed69be elementor-widget elementor-widget-heading\" data-id=\"fed69be\" data-element_type=\"widget\" data-e-type=\"widget\" data-widget_type=\"heading.default\">\n\t\t\t\t<div class=\"elementor-widget-container\">\n\t\t\t\t\t<h2 class=\"elementor-heading-title elementor-size-default\">Thank you for your interest in BeePT!<\/h2>\t\t\t\t<\/div>\n\t\t\t\t<\/div>\n\t\t\t\t<div class=\"elementor-element elementor-element-00351f3 elementor-widget elementor-widget-text-editor\" data-id=\"00351f3\" data-element_type=\"widget\" data-e-type=\"widget\" data-widget_type=\"text-editor.default\">\n\t\t\t\t<div class=\"elementor-widget-container\">\n\t\t\t\t\t\t\t\t\t<p>BeePT is a customized Custom GPT that you can find inside ChatGPT.<\/p>\n<p><b>What do you need?<\/b><br>An <b>ChatGPT account<\/b> (the free version is also perfect).<\/p>\t\t\t\t\t\t\t\t<\/div>\n\t\t\t\t<\/div>\n\t\t\t\t<div class=\"elementor-element elementor-element-4f99dc5 elementor-align-center elementor-widget elementor-widget-button\" data-id=\"4f99dc5\" data-element_type=\"widget\" data-e-type=\"widget\" data-widget_type=\"button.default\">\n\t\t\t\t<div class=\"elementor-widget-container\">\n\t\t\t\t\t\t\t\t\t<div class=\"elementor-button-wrapper\">\n\t\t\t\t\t<a class=\"elementor-button elementor-button-link elementor-size-sm elementor-animation-shrink\" href=\"https:\/\/chatgpt.com\/g\/g-681bbb8c6dc08191aa63ed4074cff52d-beept\">\n\t\t\t\t\t\t<span class=\"elementor-button-content-wrapper\">\n\t\t\t\t\t\t\t\t\t<span class=\"elementor-button-text\">Start BeePT now<\/span>\n\t\t\t\t\t<\/span>\n\t\t\t\t\t<\/a>\n\t\t\t\t<\/div>\n\t\t\t\t\t\t\t\t<\/div>\n\t\t\t\t<\/div>\n\t\t\t\t\t<\/div>\n\t\t\t\t<\/div>\n\t\t\t\t<\/div>","protected":false},"excerpt":{"rendered":"<p>Thank you for your interest in BeePT! BeePT is a customized Custom GPT that you can find inside ChatGPT. What do you need?A ChatGPT account (the free version is also perfect). Start BeePT now<\/p>","protected":false},"author":3,"featured_media":0,"parent":0,"menu_order":0,"comment_status":"closed","ping_status":"closed","template":"","meta":{"footnotes":""},"class_list":["post-8367","page","type-page","status-publish","hentry"],"yoast_head":"<!-- This site is optimized with the Yoast SEO plugin v27.3 - https:\/\/yoast.com\/product\/yoast-seo-wordpress\/ -->\n<title>BeePT thankyou - Beeward<\/title>\n<meta name=\"robots\" content=\"index, follow, max-snippet:-1, max-image-preview:large, max-video-preview:-1\" \/>\n<link rel=\"canonical\" href=\"https:\/\/beeward.buzz\/en\/beept-thankyou\/\" \/>\n<meta property=\"og:locale\" content=\"en_US\" \/>\n<meta property=\"og:type\" content=\"article\" \/>\n<meta property=\"og:title\" content=\"BeePT thankyou - Beeward\" \/>\n<meta property=\"og:description\" content=\"K\u00f6sz\u00f6nj\u00fck, hogy \u00e9rdekl\u0151dsz a BeePT ir\u00e1nt! A BeePT egy testreszabott Custom GPT, amit a ChatGPT-n bel\u00fcl tal\u00e1lsz meg. Mi kell hozz\u00e1?Egy ChatGPT fi\u00f3k (az ingyenes verzi\u00f3 is t\u00f6k\u00e9letes). Ind\u00edtsd el a BeePT-t most\" \/>\n<meta property=\"og:url\" content=\"https:\/\/beeward.buzz\/en\/beept-thankyou\/\" \/>\n<meta property=\"og:site_name\" content=\"Beeward\" \/>\n<meta property=\"article:publisher\" content=\"https:\/\/www.facebook.com\/beeward.buzz\" \/>\n<meta property=\"article:modified_time\" content=\"2025-06-04T14:02:43+00:00\" \/>\n<meta property=\"og:image\" content=\"https:\/\/beeward.buzz\/wp-content\/uploads\/2025\/06\/robot.gif\" \/>\n\t<meta property=\"og:image:width\" content=\"296\" \/>\n\t<meta property=\"og:image:height\" content=\"200\" \/>\n\t<meta property=\"og:image:type\" content=\"image\/gif\" \/>\n<meta name=\"twitter:card\" content=\"summary_large_image\" \/>\n<meta name=\"twitter:label1\" content=\"Est. reading time\" \/>\n\t<meta name=\"twitter:data1\" content=\"1 minute\" \/>\n<script type=\"application\/ld+json\" class=\"yoast-schema-graph\">{\"@context\":\"https:\\\/\\\/schema.org\",\"@graph\":[{\"@type\":\"WebPage\",\"@id\":\"https:\\\/\\\/beeward.buzz\\\/beept-thankyou\\\/\",\"url\":\"https:\\\/\\\/beeward.buzz\\\/beept-thankyou\\\/\",\"name\":\"BeePT thankyou - Beeward\",\"isPartOf\":{\"@id\":\"https:\\\/\\\/beeward.buzz\\\/#website\"},\"primaryImageOfPage\":{\"@id\":\"https:\\\/\\\/beeward.buzz\\\/beept-thankyou\\\/#primaryimage\"},\"image\":{\"@id\":\"https:\\\/\\\/beeward.buzz\\\/beept-thankyou\\\/#primaryimage\"},\"thumbnailUrl\":\"https:\\\/\\\/beeward.buzz\\\/wp-content\\\/uploads\\\/2025\\\/06\\\/robot.gif\",\"datePublished\":\"2025-06-04T07:44:35+00:00\",\"dateModified\":\"2025-06-04T14:02:43+00:00\",\"breadcrumb\":{\"@id\":\"https:\\\/\\\/beeward.buzz\\\/beept-thankyou\\\/#breadcrumb\"},\"inLanguage\":\"en-US\",\"potentialAction\":[{\"@type\":\"ReadAction\",\"target\":[\"https:\\\/\\\/beeward.buzz\\\/beept-thankyou\\\/\"]}]},{\"@type\":\"ImageObject\",\"inLanguage\":\"en-US\",\"@id\":\"https:\\\/\\\/beeward.buzz\\\/beept-thankyou\\\/#primaryimage\",\"url\":\"https:\\\/\\\/beeward.buzz\\\/wp-content\\\/uploads\\\/2025\\\/06\\\/robot.gif\",\"contentUrl\":\"https:\\\/\\\/beeward.buzz\\\/wp-content\\\/uploads\\\/2025\\\/06\\\/robot.gif\"},{\"@type\":\"BreadcrumbList\",\"@id\":\"https:\\\/\\\/beeward.buzz\\\/beept-thankyou\\\/#breadcrumb\",\"itemListElement\":[{\"@type\":\"ListItem\",\"position\":1,\"name\":\"Kezd\u0151lap\",\"item\":\"https:\\\/\\\/beeward.buzz\\\/\"},{\"@type\":\"ListItem\",\"position\":2,\"name\":\"BeePT thankyou\"}]},{\"@type\":\"WebSite\",\"@id\":\"https:\\\/\\\/beeward.buzz\\\/#website\",\"url\":\"https:\\\/\\\/beeward.buzz\\\/\",\"name\":\"Beeward\",\"description\":\"Jobb munkahelyi kapcsolatokat \u00e9p\u00edt\u00fcnk, elismer\u00e9s, motiv\u00e1ci\u00f3, jutalmaz\u00e1s\",\"publisher\":{\"@id\":\"https:\\\/\\\/beeward.buzz\\\/#organization\"},\"potentialAction\":[{\"@type\":\"SearchAction\",\"target\":{\"@type\":\"EntryPoint\",\"urlTemplate\":\"https:\\\/\\\/beeward.buzz\\\/?s={search_term_string}\"},\"query-input\":{\"@type\":\"PropertyValueSpecification\",\"valueRequired\":true,\"valueName\":\"search_term_string\"}}],\"inLanguage\":\"en-US\"},{\"@type\":\"Organization\",\"@id\":\"https:\\\/\\\/beeward.buzz\\\/#organization\",\"name\":\"Beeward\",\"url\":\"https:\\\/\\\/beeward.buzz\\\/\",\"logo\":{\"@type\":\"ImageObject\",\"inLanguage\":\"en-US\",\"@id\":\"https:\\\/\\\/beeward.buzz\\\/#\\\/schema\\\/logo\\\/image\\\/\",\"url\":\"https:\\\/\\\/beeward.buzz\\\/wp-content\\\/uploads\\\/2024\\\/08\\\/beeward_logo_black.svg\",\"contentUrl\":\"https:\\\/\\\/beeward.buzz\\\/wp-content\\\/uploads\\\/2024\\\/08\\\/beeward_logo_black.svg\",\"width\":130,\"height\":45,\"caption\":\"Beeward\"},\"image\":{\"@id\":\"https:\\\/\\\/beeward.buzz\\\/#\\\/schema\\\/logo\\\/image\\\/\"},\"sameAs\":[\"https:\\\/\\\/www.facebook.com\\\/beeward.buzz\",\"https:\\\/\\\/www.linkedin.com\\\/company\\\/beeward\\\/\",\"https:\\\/\\\/www.instagram.com\\\/beeward.buzz\\\/\",\"https:\\\/\\\/www.tiktok.com\\\/@beeward.buzz\"]}]}<\/script>\n<!-- \/ Yoast SEO plugin. -->","yoast_head_json":{"title":"BeePT thankyou - Beeward","robots":{"index":"index","follow":"follow","max-snippet":"max-snippet:-1","max-image-preview":"max-image-preview:large","max-video-preview":"max-video-preview:-1"},"canonical":"https:\/\/beeward.buzz\/en\/beept-thankyou\/","og_locale":"en_US","og_type":"article","og_title":"BeePT thankyou - Beeward","og_description":"K\u00f6sz\u00f6nj\u00fck, hogy \u00e9rdekl\u0151dsz a BeePT ir\u00e1nt! A BeePT egy testreszabott Custom GPT, amit a ChatGPT-n bel\u00fcl tal\u00e1lsz meg. Mi kell hozz\u00e1?Egy ChatGPT fi\u00f3k (az ingyenes verzi\u00f3 is t\u00f6k\u00e9letes). Ind\u00edtsd el a BeePT-t most","og_url":"https:\/\/beeward.buzz\/en\/beept-thankyou\/","og_site_name":"Beeward","article_publisher":"https:\/\/www.facebook.com\/beeward.buzz","article_modified_time":"2025-06-04T14:02:43+00:00","og_image":[{"width":296,"height":200,"url":"https:\/\/beeward.buzz\/wp-content\/uploads\/2025\/06\/robot.gif","type":"image\/gif"}],"twitter_card":"summary_large_image","twitter_misc":{"Est. reading time":"1 minute"},"schema":{"@context":"https:\/\/schema.org","@graph":[{"@type":"WebPage","@id":"https:\/\/beeward.buzz\/beept-thankyou\/","url":"https:\/\/beeward.buzz\/beept-thankyou\/","name":"BeePT thankyou - Beeward","isPartOf":{"@id":"https:\/\/beeward.buzz\/#website"},"primaryImageOfPage":{"@id":"https:\/\/beeward.buzz\/beept-thankyou\/#primaryimage"},"image":{"@id":"https:\/\/beeward.buzz\/beept-thankyou\/#primaryimage"},"thumbnailUrl":"https:\/\/beeward.buzz\/wp-content\/uploads\/2025\/06\/robot.gif","datePublished":"2025-06-04T07:44:35+00:00","dateModified":"2025-06-04T14:02:43+00:00","breadcrumb":{"@id":"https:\/\/beeward.buzz\/beept-thankyou\/#breadcrumb"},"inLanguage":"en-US","potentialAction":[{"@type":"ReadAction","target":["https:\/\/beeward.buzz\/beept-thankyou\/"]}]},{"@type":"ImageObject","inLanguage":"en-US","@id":"https:\/\/beeward.buzz\/beept-thankyou\/#primaryimage","url":"https:\/\/beeward.buzz\/wp-content\/uploads\/2025\/06\/robot.gif","contentUrl":"https:\/\/beeward.buzz\/wp-content\/uploads\/2025\/06\/robot.gif"},{"@type":"BreadcrumbList","@id":"https:\/\/beeward.buzz\/beept-thankyou\/#breadcrumb","itemListElement":[{"@type":"ListItem","position":1,"name":"Kezd\u0151lap","item":"https:\/\/beeward.buzz\/"},{"@type":"ListItem","position":2,"name":"BeePT thankyou"}]},{"@type":"WebSite","@id":"https:\/\/beeward.buzz\/#website","url":"https:\/\/beeward.buzz\/","name":"Beeward","description":"Building better workplace relationships, recognition, motivation, rewards","publisher":{"@id":"https:\/\/beeward.buzz\/#organization"},"potentialAction":[{"@type":"SearchAction","target":{"@type":"EntryPoint","urlTemplate":"https:\/\/beeward.buzz\/?s={search_term_string}"},"query-input":{"@type":"PropertyValueSpecification","valueRequired":true,"valueName":"search_term_string"}}],"inLanguage":"en-US"},{"@type":"Organization","@id":"https:\/\/beeward.buzz\/#organization","name":"Beeward","url":"https:\/\/beeward.buzz\/","logo":{"@type":"ImageObject","inLanguage":"en-US","@id":"https:\/\/beeward.buzz\/#\/schema\/logo\/image\/","url":"https:\/\/beeward.buzz\/wp-content\/uploads\/2024\/08\/beeward_logo_black.svg","contentUrl":"https:\/\/beeward.buzz\/wp-content\/uploads\/2024\/08\/beeward_logo_black.svg","width":130,"height":45,"caption":"Beeward"},"image":{"@id":"https:\/\/beeward.buzz\/#\/schema\/logo\/image\/"},"sameAs":["https:\/\/www.facebook.com\/beeward.buzz","https:\/\/www.linkedin.com\/company\/beeward\/","https:\/\/www.instagram.com\/beeward.buzz\/","https:\/\/www.tiktok.com\/@beeward.buzz"]}]}},"_links":{"self":[{"href":"https:\/\/beeward.buzz\/en\/wp-json\/wp\/v2\/pages\/8367","targetHints":{"allow":["GET"]}}],"collection":[{"href":"https:\/\/beeward.buzz\/en\/wp-json\/wp\/v2\/pages"}],"about":[{"href":"https:\/\/beeward.buzz\/en\/wp-json\/wp\/v2\/types\/page"}],"author":[{"embeddable":true,"href":"https:\/\/beeward.buzz\/en\/wp-json\/wp\/v2\/users\/3"}],"replies":[{"embeddable":true,"href":"https:\/\/beeward.buzz\/en\/wp-json\/wp\/v2\/comments?post=8367"}],"version-history":[{"count":0,"href":"https:\/\/beeward.buzz\/en\/wp-json\/wp\/v2\/pages\/8367\/revisions"}],"wp:attachment":[{"href":"https:\/\/beeward.buzz\/en\/wp-json\/wp\/v2\/media?parent=8367"}],"curies":[{"name":"wp","href":"https:\/\/api.w.org\/{rel}","templated":true}]}}