{"id":4763,"date":"2024-10-14T15:36:52","date_gmt":"2024-10-14T13:36:52","guid":{"rendered":"https:\/\/beeward.buzz\/?page_id=4763"},"modified":"2025-09-18T20:38:24","modified_gmt":"2025-09-18T18:38:24","slug":"unspecified-contract-terms","status":"publish","type":"page","link":"https:\/\/beeward.buzz\/en\/altalanos-szerzodesi-feltetelek\/","title":{"rendered":"General contractual conditions"},"content":{"rendered":"<div data-elementor-type=\"wp-page\" data-elementor-id=\"4763\" class=\"elementor elementor-4763\" data-elementor-post-type=\"page\">\n\t\t\t\t<div class=\"elementor-element elementor-element-2f2f1b69 e-flex e-con-boxed e-con e-parent\" data-id=\"2f2f1b69\" data-element_type=\"container\" data-e-type=\"container\">\n\t\t\t\t\t<div class=\"e-con-inner\">\n\t\t\t\t<div class=\"elementor-element elementor-element-e09c3e1 elementor-widget elementor-widget-heading\" data-id=\"e09c3e1\" data-element_type=\"widget\" data-e-type=\"widget\" data-widget_type=\"heading.default\">\n\t\t\t\t<div class=\"elementor-widget-container\">\n\t\t\t\t\t<h2 class=\"elementor-heading-title elementor-size-default\">General contractual conditions<\/h2>\t\t\t\t<\/div>\n\t\t\t\t<\/div>\n\t\t\t\t<div class=\"elementor-element elementor-element-bd625ff elementor-widget elementor-widget-text-editor\" data-id=\"bd625ff\" data-element_type=\"widget\" data-e-type=\"widget\" data-widget_type=\"text-editor.default\">\n\t\t\t\t<div class=\"elementor-widget-container\">\n\t\t\t\t\t\t\t\t\t<p><\/p>\n<p>Effective: from 19.09.2025<\/p>\n<p><\/p>\n<h2 class=\"wp-block-heading\"><strong>1. Service provider details<\/strong><\/h2>\n<p><\/p>\n<p>Company name: Beeward Korl\u00e1tolt Felel\u0151ss\u00e9g\u0171 T\u00e1rsas\u00e1g<br>Head office: 7621 P\u00e9cs, Kazinczy utca 2.<br>Company registration number: 02-09-088628<br>Tax number: 32663871-2-02<br>Represented by M\u00e1t\u00e9 Lovas, Managing Director<br>E-mail: hello@beeward.buzz<br>Website: https:\/\/beeward.buzz<\/p>\n<p><\/p>\n<h2 class=\"wp-block-heading\"><strong>2. Subject of the service<\/strong><\/h2>\n<p><\/p>\n<p>The Service Provider operates the workplace motivation and recognition software under the domain https:\/\/beeward.buzz<br>(hereinafter referred to as Beeward) on a subscription basis.<\/p>\n<p>By registering and accepting these GTC, the Customer becomes entitled to use the service.<\/p>\n<p><\/p>\n<h2 class=\"wp-block-heading\"><strong>3. Start of service and trial period<\/strong><\/h2>\n<p><\/p>\n<ul class=\"wp-block-list\"><p><\/p>\n<li>The date of the start of the service is after the registration of the Customer.<\/li>\n<p><\/p>\n<li>The Service Provider shall provide a 10-day trial period, which shall start on the day of the first entry of the colleagues invited by the Customer into the system.<\/li>\n<p><\/p>\n<li>During the trial period, the service is free of charge.<\/li>\n<p><\/p>\n<li>After the trial period, the Service Provider will issue the first invoice based on the number of currently active users.<\/li>\n<p><\/p><\/ul>\n<p><\/p>\n<h2 class=\"wp-block-heading\"><strong>4. Remuneration and payment conditions<\/strong><\/h2>\n<p><\/p>\n<ul class=\"wp-block-list\"><p><\/p>\n<li>The fees for the service are published on the Service Provider's current Packages page: https:\/\/beeward.buzz\/csomagok.<\/li>\n<p><\/p>\n<li>In case of more than 50 active users, the Service Provider will make an individual offer to the Customer.<\/li>\n<p><\/p>\n<li>The Customer may choose to pay the fee in one lump sum annually or monthly.<\/li>\n<p><\/p>\n<li>If you choose to pay the annual fee, the Service Provider will offer you a discount, which will be set out in the offer.&nbsp;<\/li>\n<p><\/p>\n<li>If you choose annual billing, the service cannot be cancelled until the end of the period paid for.<\/li>\n<p><\/p>\n<li>The service can be cancelled at any time in case of monthly billing.&nbsp;<\/li>\n<p><\/p>\n<li>In the event of termination, the Service Provider will invoice the fee due up to the date of termination, billed pro rata temporis for the fraction of a month.<\/li>\n<p><\/p>\n<li>The Service Provider shall validate the fee by invoice, which the Customer shall pay by bank transfer within 8 days of the invoice being issued.<\/li>\n<p><\/p><\/ul>\n<p><\/p>\n<h2 class=\"wp-block-heading\"><strong>5. Late payment<\/strong><\/h2>\n<p><\/p>\n<p>In the event of late payment, the Service Provider reserves the right to limit (suspend) the service in whole or in part upon expiry of the invoice payment deadline.<\/p>\n<p><\/p>\n<ul class=\"wp-block-list\"><p><\/p>\n<li>Subscription fees are also payable during the period of suspension for late payment.<\/li>\n<p><\/p>\n<li>During the period of suspension, the Service Provider will continue to provide the User with:<br>\n<ul class=\"wp-block-list\"><p><\/p>\n<li>the storage of data in the system,<\/li>\n<p><\/p>\n<li>backups,<\/li>\n<p><\/p><\/ul>\n<p><\/p><\/li>\n<p><\/p>\n<li>The Service Provider does not charge a separate recovery fee or default interest for the period of delay.<\/li>\n<p><\/p><\/ul>\n<p><\/p>\n<h2 class=\"wp-block-heading\"><strong>6. Cancellation<\/strong><\/h2>\n<p><\/p>\n<ul class=\"wp-block-list\"><p><\/p>\n<li>In case of monthly billing, the Customer is entitled to terminate the service at any time.<\/li>\n<p><\/p>\n<li>In the case of annual payment, the Customer is entitled to use the service until the end of the paid period, no prior termination is possible.<\/li>\n<p><\/p><\/ul>\n<p><\/p>\n<h2 class=\"wp-block-heading\"><strong>7. Exclusion and limitation of liability<\/strong><\/h2>\n<p><\/p>\n<ul class=\"wp-block-list\"><p><\/p>\n<li>The Service Provider is not responsible for the conduct of Users towards each other or third parties, and is not liable for any liability.<\/li>\n<p><\/p>\n<li>The Service Provider shall not be liable for any damage caused to the Customer's or the User's computer equipment, data or property, primarily caused by computer viruses, malware or external attacks.<\/li>\n<p><\/p>\n<li>The Service Provider is not responsible for the unavailability or slow operation of the system if it is caused by the fault of the Internet Service Provider, the User's equipment or other reasons beyond the Service Provider's control.<\/li>\n<p><\/p>\n<li>The Service Provider shall not be liable for any damages resulting from the unprofessional, unlawful or non-compliant use of the service, or for any loss of business or financial benefit expected by the Customer.<\/li>\n<p><\/p>\n<li>The Service Provider shall not be liable for the consequences of incorrect data recording, incorrect user operations or any damage resulting therefrom.<\/li>\n<p><\/p><\/ul>\n<p><\/p>\n<h2 class=\"wp-block-heading\"><strong>8. Liability for damages<\/strong><\/h2>\n<p><\/p>\n<p>The Service Provider's liability for damages shall be limited to the amount of the fee paid by the Customer up to a maximum of three months.<\/p>\n<p><\/p>\n<h2 class=\"wp-block-heading\"><strong>9. Intellectual property<\/strong><\/h2>\n<p><\/p>\n<ul class=\"wp-block-list\"><p><\/p>\n<li>The Beeward system, the website and all content (e.g. text, data, video, audio, images, design, source code) contained therein are the exclusive intellectual property of the Service Provider.<\/li>\n<p><\/p>\n<li>By subscribing to the Service, the Customer acquires a limited, non-exclusive, non-transferable right to use the Software for its own internal operation only.<\/li>\n<p><\/p>\n<li>The downloading and printing of the content is permitted for personal use only; any commercial reproduction, distribution, adaptation or publication of the content requires the prior written permission of the Service Provider.<\/li>\n<p><\/p>\n<li>Images and materials on this website may be used by third parties only with express permission.<\/li>\n<p><\/p><\/ul>\n<p><\/p>\n<h2 class=\"wp-block-heading\"><strong>10. Use of subcontractors<\/strong><\/h2>\n<p><\/p>\n<ul class=\"wp-block-list\"><p><\/p>\n<li>The Service Provider is entitled to use a subcontractor in the performance of the service.<\/li>\n<p><\/p>\n<li>The Service Provider shall be responsible for the performance of the subcontractor, both in terms of quality requirements and deadlines, as if it had carried out the work itself.<\/li>\n<p><\/p>\n<li>The Service Provider is obliged to ensure that the subcontractor's activities are carried out in accordance with the quality assurance standards undertaken by the Service Provider.<\/li>\n<p><\/p>\n<li>The Service Provider shall ensure that the subcontractors it engages act in accordance with the business confidentiality undertaken by the Service Provider.<\/li>\n<p><\/p><\/ul>\n<p><\/p>\n<h2 class=\"wp-block-heading\"><strong>11. Confidentiality<\/strong><\/h2>\n<p><\/p>\n<ul class=\"wp-block-list\"><p><\/p>\n<li>The Service Provider undertakes to treat confidential data, confidential information, documents and business secrets obtained in the course of providing the Service as confidential, to keep them safe and not to disclose them to third parties, unless required to do so by law.<\/li>\n<p><\/p>\n<li>The Service Provider will take all reasonable technical and organisational measures to ensure that confidential data is adequately protected.<\/li>\n<p><\/p>\n<li>The confidentiality obligation remains in force after the termination of the contract.<\/li>\n<p><\/p><\/ul>\n<p><\/p>\n<h2 class=\"wp-block-heading\"><strong>12. Use of the service in a public place<\/strong><\/h2>\n<p><\/p>\n<p>If the User uses the Beeward Kft. system in a public place (e.g. internet caf\u00e9, etc.), the User's cooperation is required in addition to the security measures implemented in the system to protect the data.<\/p>\n<p><\/p>\n<p>If there is a possibility that others may have access to the computer used by the User, it is recommended that the following security steps are taken:<\/p>\n<p><\/p>\n<ul class=\"wp-block-list\"><p><\/p>\n<li>Do not tick the Remember me! box on the login screen<\/li>\n<p><\/p>\n<li>Do not allow temporary internet files to be stored in the browser<\/li>\n<p><\/p>\n<li>Make sure no one is watching you when you enter your password<\/li>\n<p><\/p>\n<li>Do not under any circumstances disclose your password<\/li>\n<p><\/p>\n<li>If you feel that unauthorised people have found out your password, change it<\/li>\n<p><\/p>\n<li>Never leave a computer unattended where you are in the process of<a href=\"https:\/\/beeward.buzz\/en\/\"> https:\/\/beeward.buzz\/<\/a> use<\/li>\n<p><\/p>\n<li>Always exit the System by clicking the Exit button, not by closing the browser window<\/li>\n<p><\/p><\/ul>\n<p><\/p>\n<h2 class=\"wp-block-heading\"><strong>13. Data protection<\/strong><\/h2>\n<p><\/p>\n<p>The Service Provider shall carry out data processing in accordance with the applicable data protection legislation and the separately published Data Processing Information.<\/p>\n<p><\/p>\n<h2 class=\"wp-block-heading\"><strong>14. Dispute resolution<\/strong><\/h2>\n<p><\/p>\n<ul class=\"wp-block-list\"><p><\/p>\n<li>The Parties shall settle any disputes arising out of this contract primarily by amicable means, through conciliation.<\/li>\n<p><\/p>\n<li>If this does not lead to a result, the Parties shall submit the dispute to the exclusive jurisdiction of the P\u00e9cs Court.<\/li>\n<p><\/p><\/ul>\n<p><\/p>\n<h2 class=\"wp-block-heading\"><strong>15. Miscellaneous provisions<\/strong><\/h2>\n<p><\/p>\n<ul class=\"wp-block-list\"><p><\/p>\n<li>In matters not covered by these GTC, the provisions of the Civil Code shall apply.<\/li>\n<p><\/p><\/ul>\n<p><\/p>\n<p><br><\/p><p>The Service Provider shall be entitled to unilaterally amend the GTC, of which it shall notify the Customer in advance.<\/p>\n<p><\/p>\n<p>P\u00e9cs, 2025.09.18<\/p>\n<p><\/p>\n<p><\/p>\n<p><\/p>\n<p><\/p>\t\t\t\t\t\t\t\t<\/div>\n\t\t\t\t<\/div>\n\t\t\t\t\t<\/div>\n\t\t\t\t<\/div>\n\t\t\t\t<\/div>","protected":false},"excerpt":{"rendered":"<p>\u00c1ltal\u00e1nos szerz\u0151d\u00e9si felt\u00e9telek Hat\u00e1lyos: 2025.09.19-t\u00f3l 1. Szolg\u00e1ltat\u00f3 adatai C\u00e9gn\u00e9v: Beeward Korl\u00e1tolt Felel\u0151ss\u00e9g\u0171 T\u00e1rsas\u00e1gSz\u00e9khely: 7621 P\u00e9cs, Kazinczy utca 2.C\u00e9gjegyz\u00e9ksz\u00e1m: 02-09-088628Ad\u00f3sz\u00e1m: 32663871-2-02K\u00e9pviseli: Lovas M\u00e1t\u00e9 \u00fcgyvezet\u0151E-mail: hello@beeward.buzzWeboldal: https:\/\/beeward.buzz 2. A szolg\u00e1ltat\u00e1s t\u00e1rgya A Szolg\u00e1ltat\u00f3 a https:\/\/beeward.buzz domain alatt \u00fczemeltetett munkahelyi motiv\u00e1ci\u00f3s \u00e9s elismer\u00e9si szoftver(a tov\u00e1bbiakban: Beeward) haszn\u00e1lat\u00e1t biztos\u00edtja el\u0151fizet\u00e9ses rendszerben. A Megrendel\u0151 a regisztr\u00e1ci\u00f3val \u00e9s a jelen \u00c1SZF [&hellip;]<\/p>\n","protected":false},"author":3,"featured_media":0,"parent":0,"menu_order":0,"comment_status":"closed","ping_status":"closed","template":"","meta":{"footnotes":""},"class_list":["post-4763","page","type-page","status-publish","hentry"],"yoast_head":"<!-- This site is optimized with the Yoast SEO plugin v27.3 - https:\/\/yoast.com\/product\/yoast-seo-wordpress\/ -->\n<title>\u00c1ltal\u00e1nos szerz\u0151d\u00e9si felt\u00e9telek - Beeward<\/title>\n<meta name=\"description\" content=\"\u00c1ltal\u00e1nos szerz\u0151d\u00e9si felt\u00e9telek - Beeward Kft.\" \/>\n<meta name=\"robots\" content=\"index, follow, max-snippet:-1, max-image-preview:large, max-video-preview:-1\" \/>\n<link rel=\"canonical\" href=\"https:\/\/beeward.buzz\/en\/unspecified-contract-terms\/\" \/>\n<meta property=\"og:locale\" content=\"en_US\" \/>\n<meta property=\"og:type\" content=\"article\" \/>\n<meta property=\"og:title\" content=\"\u00c1ltal\u00e1nos szerz\u0151d\u00e9si felt\u00e9telek - Beeward\" \/>\n<meta property=\"og:description\" content=\"\u00c1ltal\u00e1nos szerz\u0151d\u00e9si felt\u00e9telek - Beeward Kft.\" \/>\n<meta property=\"og:url\" content=\"https:\/\/beeward.buzz\/en\/unspecified-contract-terms\/\" \/>\n<meta property=\"og:site_name\" content=\"Beeward\" \/>\n<meta property=\"article:publisher\" content=\"https:\/\/www.facebook.com\/beeward.buzz\" \/>\n<meta property=\"article:modified_time\" content=\"2025-09-18T18:38:24+00:00\" \/>\n<meta property=\"og:image\" content=\"https:\/\/beeward.buzz\/wp-content\/uploads\/2024\/10\/beeward_logo_color-1.png\" \/>\n\t<meta property=\"og:image:width\" content=\"1062\" \/>\n\t<meta property=\"og:image:height\" content=\"600\" \/>\n\t<meta property=\"og:image:type\" content=\"image\/png\" \/>\n<meta name=\"twitter:card\" content=\"summary_large_image\" \/>\n<meta name=\"twitter:label1\" content=\"Est. reading time\" \/>\n\t<meta name=\"twitter:data1\" content=\"5 minutes\" \/>\n<script type=\"application\/ld+json\" class=\"yoast-schema-graph\">{\"@context\":\"https:\\\/\\\/schema.org\",\"@graph\":[{\"@type\":\"WebPage\",\"@id\":\"https:\\\/\\\/beeward.buzz\\\/altalanos-szerzodesi-feltetelek\\\/\",\"url\":\"https:\\\/\\\/beeward.buzz\\\/altalanos-szerzodesi-feltetelek\\\/\",\"name\":\"\u00c1ltal\u00e1nos szerz\u0151d\u00e9si felt\u00e9telek - Beeward\",\"isPartOf\":{\"@id\":\"https:\\\/\\\/beeward.buzz\\\/#website\"},\"datePublished\":\"2024-10-14T13:36:52+00:00\",\"dateModified\":\"2025-09-18T18:38:24+00:00\",\"description\":\"\u00c1ltal\u00e1nos szerz\u0151d\u00e9si felt\u00e9telek - Beeward Kft.\",\"breadcrumb\":{\"@id\":\"https:\\\/\\\/beeward.buzz\\\/altalanos-szerzodesi-feltetelek\\\/#breadcrumb\"},\"inLanguage\":\"en-US\",\"potentialAction\":[{\"@type\":\"ReadAction\",\"target\":[\"https:\\\/\\\/beeward.buzz\\\/altalanos-szerzodesi-feltetelek\\\/\"]}]},{\"@type\":\"BreadcrumbList\",\"@id\":\"https:\\\/\\\/beeward.buzz\\\/altalanos-szerzodesi-feltetelek\\\/#breadcrumb\",\"itemListElement\":[{\"@type\":\"ListItem\",\"position\":1,\"name\":\"Kezd\u0151lap\",\"item\":\"https:\\\/\\\/beeward.buzz\\\/\"},{\"@type\":\"ListItem\",\"position\":2,\"name\":\"\u00c1ltal\u00e1nos szerz\u0151d\u00e9si felt\u00e9telek\"}]},{\"@type\":\"WebSite\",\"@id\":\"https:\\\/\\\/beeward.buzz\\\/#website\",\"url\":\"https:\\\/\\\/beeward.buzz\\\/\",\"name\":\"Beeward\",\"description\":\"Jobb munkahelyi kapcsolatokat \u00e9p\u00edt\u00fcnk, elismer\u00e9s, motiv\u00e1ci\u00f3, jutalmaz\u00e1s\",\"publisher\":{\"@id\":\"https:\\\/\\\/beeward.buzz\\\/#organization\"},\"potentialAction\":[{\"@type\":\"SearchAction\",\"target\":{\"@type\":\"EntryPoint\",\"urlTemplate\":\"https:\\\/\\\/beeward.buzz\\\/?s={search_term_string}\"},\"query-input\":{\"@type\":\"PropertyValueSpecification\",\"valueRequired\":true,\"valueName\":\"search_term_string\"}}],\"inLanguage\":\"en-US\"},{\"@type\":\"Organization\",\"@id\":\"https:\\\/\\\/beeward.buzz\\\/#organization\",\"name\":\"Beeward\",\"url\":\"https:\\\/\\\/beeward.buzz\\\/\",\"logo\":{\"@type\":\"ImageObject\",\"inLanguage\":\"en-US\",\"@id\":\"https:\\\/\\\/beeward.buzz\\\/#\\\/schema\\\/logo\\\/image\\\/\",\"url\":\"https:\\\/\\\/beeward.buzz\\\/wp-content\\\/uploads\\\/2024\\\/08\\\/beeward_logo_black.svg\",\"contentUrl\":\"https:\\\/\\\/beeward.buzz\\\/wp-content\\\/uploads\\\/2024\\\/08\\\/beeward_logo_black.svg\",\"width\":130,\"height\":45,\"caption\":\"Beeward\"},\"image\":{\"@id\":\"https:\\\/\\\/beeward.buzz\\\/#\\\/schema\\\/logo\\\/image\\\/\"},\"sameAs\":[\"https:\\\/\\\/www.facebook.com\\\/beeward.buzz\",\"https:\\\/\\\/www.linkedin.com\\\/company\\\/beeward\\\/\",\"https:\\\/\\\/www.instagram.com\\\/beeward.buzz\\\/\",\"https:\\\/\\\/www.tiktok.com\\\/@beeward.buzz\"]}]}<\/script>\n<!-- \/ Yoast SEO plugin. -->","yoast_head_json":{"title":"Terms and conditions - Beeward","description":"General Terms and Conditions - Beeward Kft.","robots":{"index":"index","follow":"follow","max-snippet":"max-snippet:-1","max-image-preview":"max-image-preview:large","max-video-preview":"max-video-preview:-1"},"canonical":"https:\/\/beeward.buzz\/en\/unspecified-contract-terms\/","og_locale":"en_US","og_type":"article","og_title":"\u00c1ltal\u00e1nos szerz\u0151d\u00e9si felt\u00e9telek - Beeward","og_description":"\u00c1ltal\u00e1nos szerz\u0151d\u00e9si felt\u00e9telek - Beeward Kft.","og_url":"https:\/\/beeward.buzz\/en\/unspecified-contract-terms\/","og_site_name":"Beeward","article_publisher":"https:\/\/www.facebook.com\/beeward.buzz","article_modified_time":"2025-09-18T18:38:24+00:00","og_image":[{"width":1062,"height":600,"url":"https:\/\/beeward.buzz\/wp-content\/uploads\/2024\/10\/beeward_logo_color-1.png","type":"image\/png"}],"twitter_card":"summary_large_image","twitter_misc":{"Est. reading time":"5 minutes"},"schema":{"@context":"https:\/\/schema.org","@graph":[{"@type":"WebPage","@id":"https:\/\/beeward.buzz\/altalanos-szerzodesi-feltetelek\/","url":"https:\/\/beeward.buzz\/altalanos-szerzodesi-feltetelek\/","name":"Terms and conditions - Beeward","isPartOf":{"@id":"https:\/\/beeward.buzz\/#website"},"datePublished":"2024-10-14T13:36:52+00:00","dateModified":"2025-09-18T18:38:24+00:00","description":"General Terms and Conditions - Beeward Kft.","breadcrumb":{"@id":"https:\/\/beeward.buzz\/altalanos-szerzodesi-feltetelek\/#breadcrumb"},"inLanguage":"en-US","potentialAction":[{"@type":"ReadAction","target":["https:\/\/beeward.buzz\/altalanos-szerzodesi-feltetelek\/"]}]},{"@type":"BreadcrumbList","@id":"https:\/\/beeward.buzz\/altalanos-szerzodesi-feltetelek\/#breadcrumb","itemListElement":[{"@type":"ListItem","position":1,"name":"Kezd\u0151lap","item":"https:\/\/beeward.buzz\/"},{"@type":"ListItem","position":2,"name":"\u00c1ltal\u00e1nos szerz\u0151d\u00e9si felt\u00e9telek"}]},{"@type":"WebSite","@id":"https:\/\/beeward.buzz\/#website","url":"https:\/\/beeward.buzz\/","name":"Beeward","description":"Building better workplace relationships, recognition, motivation, rewards","publisher":{"@id":"https:\/\/beeward.buzz\/#organization"},"potentialAction":[{"@type":"SearchAction","target":{"@type":"EntryPoint","urlTemplate":"https:\/\/beeward.buzz\/?s={search_term_string}"},"query-input":{"@type":"PropertyValueSpecification","valueRequired":true,"valueName":"search_term_string"}}],"inLanguage":"en-US"},{"@type":"Organization","@id":"https:\/\/beeward.buzz\/#organization","name":"Beeward","url":"https:\/\/beeward.buzz\/","logo":{"@type":"ImageObject","inLanguage":"en-US","@id":"https:\/\/beeward.buzz\/#\/schema\/logo\/image\/","url":"https:\/\/beeward.buzz\/wp-content\/uploads\/2024\/08\/beeward_logo_black.svg","contentUrl":"https:\/\/beeward.buzz\/wp-content\/uploads\/2024\/08\/beeward_logo_black.svg","width":130,"height":45,"caption":"Beeward"},"image":{"@id":"https:\/\/beeward.buzz\/#\/schema\/logo\/image\/"},"sameAs":["https:\/\/www.facebook.com\/beeward.buzz","https:\/\/www.linkedin.com\/company\/beeward\/","https:\/\/www.instagram.com\/beeward.buzz\/","https:\/\/www.tiktok.com\/@beeward.buzz"]}]}},"_links":{"self":[{"href":"https:\/\/beeward.buzz\/en\/wp-json\/wp\/v2\/pages\/4763","targetHints":{"allow":["GET"]}}],"collection":[{"href":"https:\/\/beeward.buzz\/en\/wp-json\/wp\/v2\/pages"}],"about":[{"href":"https:\/\/beeward.buzz\/en\/wp-json\/wp\/v2\/types\/page"}],"author":[{"embeddable":true,"href":"https:\/\/beeward.buzz\/en\/wp-json\/wp\/v2\/users\/3"}],"replies":[{"embeddable":true,"href":"https:\/\/beeward.buzz\/en\/wp-json\/wp\/v2\/comments?post=4763"}],"version-history":[{"count":0,"href":"https:\/\/beeward.buzz\/en\/wp-json\/wp\/v2\/pages\/4763\/revisions"}],"wp:attachment":[{"href":"https:\/\/beeward.buzz\/en\/wp-json\/wp\/v2\/media?parent=4763"}],"curies":[{"name":"wp","href":"https:\/\/api.w.org\/{rel}","templated":true}]}}