{"id":4480,"date":"2024-10-08T19:42:50","date_gmt":"2024-10-08T17:42:50","guid":{"rendered":"https:\/\/beeward.buzz\/?page_id=4480"},"modified":"2024-10-08T20:41:59","modified_gmt":"2024-10-08T18:41:59","slug":"thankyou","status":"publish","type":"page","link":"https:\/\/beeward.buzz\/en\/thankyou\/","title":{"rendered":"thankyou"},"content":{"rendered":"<div data-elementor-type=\"wp-page\" data-elementor-id=\"4480\" class=\"elementor elementor-4480\" data-elementor-post-type=\"page\">\n\t\t\t\t<div class=\"elementor-element elementor-element-9166a49 e-flex e-con-boxed e-con e-parent\" data-id=\"9166a49\" data-element_type=\"container\" data-e-type=\"container\">\n\t\t\t\t\t<div class=\"e-con-inner\">\n\t\t\t\t<div class=\"elementor-element elementor-element-abc392a elementor-widget elementor-widget-heading\" data-id=\"abc392a\" data-element_type=\"widget\" data-e-type=\"widget\" data-widget_type=\"heading.default\">\n\t\t\t\t<div class=\"elementor-widget-container\">\n\t\t\t\t\t<h2 class=\"elementor-heading-title elementor-size-default\">Thanks for the tips!<\/h2>\t\t\t\t<\/div>\n\t\t\t\t<\/div>\n\t\t\t\t<div class=\"elementor-element elementor-element-4afa791 elementor-widget elementor-widget-image\" data-id=\"4afa791\" data-element_type=\"widget\" data-e-type=\"widget\" data-widget_type=\"image.default\">\n\t\t\t\t<div class=\"elementor-widget-container\">\n\t\t\t\t\t\t\t\t\t\t\t\t\t\t\t<img fetchpriority=\"high\" decoding=\"async\" width=\"480\" height=\"200\" src=\"https:\/\/beeward.buzz\/wp-content\/uploads\/2024\/10\/ty.gif\" class=\"attachment-large size-large wp-image-4492\" alt=\"\" \/>\t\t\t\t\t\t\t\t\t\t\t\t\t\t\t<\/div>\n\t\t\t\t<\/div>\n\t\t\t\t<div class=\"elementor-element elementor-element-799701f elementor-widget elementor-widget-text-editor\" data-id=\"799701f\" data-element_type=\"widget\" data-e-type=\"widget\" data-widget_type=\"text-editor.default\">\n\t\t\t\t<div class=\"elementor-widget-container\">\n\t\t\t\t\t\t\t\t\t<p style=\"text-align: center;\">We will contact you in the next 24 - 48 hours to start our journey together into the world of Beeward! \ud83d\ude80<\/p>\t\t\t\t\t\t\t\t<\/div>\n\t\t\t\t<\/div>\n\t\t\t\t<div class=\"elementor-element elementor-element-9dc5b41 elementor-align-center elementor-widget elementor-widget-button\" data-id=\"9dc5b41\" data-element_type=\"widget\" data-e-type=\"widget\" data-widget_type=\"button.default\">\n\t\t\t\t<div class=\"elementor-widget-container\">\n\t\t\t\t\t\t\t\t\t<div class=\"elementor-button-wrapper\">\n\t\t\t\t\t<a class=\"elementor-button elementor-button-link elementor-size-sm elementor-animation-shrink\" href=\"https:\/\/beeward.buzz\/en\/\">\n\t\t\t\t\t\t<span class=\"elementor-button-content-wrapper\">\n\t\t\t\t\t\t\t\t\t<span class=\"elementor-button-text\">back to the home page<\/span>\n\t\t\t\t\t<\/span>\n\t\t\t\t\t<\/a>\n\t\t\t\t<\/div>\n\t\t\t\t\t\t\t\t<\/div>\n\t\t\t\t<\/div>\n\t\t\t\t\t<\/div>\n\t\t\t\t<\/div>\n\t\t\t\t<\/div>","protected":false},"excerpt":{"rendered":"<p>K\u00f6szi a beezalmat! A k\u00f6vetkez\u0151 24 &#8211; 48 \u00f3r\u00e1ban felvessz\u00fck veled a kapcsolatot, hogy megkezdj\u00fck a k\u00f6z\u00f6s utaz\u00e1sunk a Beeward vil\u00e1g\u00e1ba! \ud83d\ude80 vissza a kezd\u0151lapra<\/p>","protected":false},"author":3,"featured_media":0,"parent":0,"menu_order":0,"comment_status":"closed","ping_status":"closed","template":"","meta":{"footnotes":""},"class_list":["post-4480","page","type-page","status-publish","hentry"],"yoast_head":"<!-- This site is optimized with the Yoast SEO plugin v27.3 - https:\/\/yoast.com\/product\/yoast-seo-wordpress\/ -->\n<title>thankyou - Beeward<\/title>\n<meta name=\"robots\" content=\"index, follow, max-snippet:-1, max-image-preview:large, max-video-preview:-1\" \/>\n<link rel=\"canonical\" href=\"https:\/\/beeward.buzz\/en\/thankyou\/\" \/>\n<meta property=\"og:locale\" content=\"en_US\" \/>\n<meta property=\"og:type\" content=\"article\" \/>\n<meta property=\"og:title\" content=\"thankyou - Beeward\" \/>\n<meta property=\"og:description\" content=\"K\u00f6szi a beezalmat! A k\u00f6vetkez\u0151 24 &#8211; 48 \u00f3r\u00e1ban felvessz\u00fck veled a kapcsolatot, hogy megkezdj\u00fck a k\u00f6z\u00f6s utaz\u00e1sunk a Beeward vil\u00e1g\u00e1ba! \ud83d\ude80 vissza a kezd\u0151lapra\" \/>\n<meta property=\"og:url\" content=\"https:\/\/beeward.buzz\/en\/thankyou\/\" \/>\n<meta property=\"og:site_name\" content=\"Beeward\" \/>\n<meta property=\"article:publisher\" content=\"https:\/\/www.facebook.com\/beeward.buzz\" \/>\n<meta property=\"article:modified_time\" content=\"2024-10-08T18:41:59+00:00\" \/>\n<meta property=\"og:image\" content=\"https:\/\/beeward.buzz\/wp-content\/uploads\/2024\/10\/ty.gif\" \/>\n<meta name=\"twitter:card\" content=\"summary_large_image\" \/>\n<meta name=\"twitter:label1\" content=\"Est. reading time\" \/>\n\t<meta name=\"twitter:data1\" content=\"1 minute\" \/>\n<script type=\"application\/ld+json\" class=\"yoast-schema-graph\">{\"@context\":\"https:\\\/\\\/schema.org\",\"@graph\":[{\"@type\":\"WebPage\",\"@id\":\"https:\\\/\\\/beeward.buzz\\\/thankyou\\\/\",\"url\":\"https:\\\/\\\/beeward.buzz\\\/thankyou\\\/\",\"name\":\"thankyou - Beeward\",\"isPartOf\":{\"@id\":\"https:\\\/\\\/beeward.buzz\\\/#website\"},\"primaryImageOfPage\":{\"@id\":\"https:\\\/\\\/beeward.buzz\\\/thankyou\\\/#primaryimage\"},\"image\":{\"@id\":\"https:\\\/\\\/beeward.buzz\\\/thankyou\\\/#primaryimage\"},\"thumbnailUrl\":\"https:\\\/\\\/beeward.buzz\\\/wp-content\\\/uploads\\\/2024\\\/10\\\/ty.gif\",\"datePublished\":\"2024-10-08T17:42:50+00:00\",\"dateModified\":\"2024-10-08T18:41:59+00:00\",\"breadcrumb\":{\"@id\":\"https:\\\/\\\/beeward.buzz\\\/thankyou\\\/#breadcrumb\"},\"inLanguage\":\"en-US\",\"potentialAction\":[{\"@type\":\"ReadAction\",\"target\":[\"https:\\\/\\\/beeward.buzz\\\/thankyou\\\/\"]}]},{\"@type\":\"ImageObject\",\"inLanguage\":\"en-US\",\"@id\":\"https:\\\/\\\/beeward.buzz\\\/thankyou\\\/#primaryimage\",\"url\":\"https:\\\/\\\/beeward.buzz\\\/wp-content\\\/uploads\\\/2024\\\/10\\\/ty.gif\",\"contentUrl\":\"https:\\\/\\\/beeward.buzz\\\/wp-content\\\/uploads\\\/2024\\\/10\\\/ty.gif\"},{\"@type\":\"BreadcrumbList\",\"@id\":\"https:\\\/\\\/beeward.buzz\\\/thankyou\\\/#breadcrumb\",\"itemListElement\":[{\"@type\":\"ListItem\",\"position\":1,\"name\":\"Kezd\u0151lap\",\"item\":\"https:\\\/\\\/beeward.buzz\\\/\"},{\"@type\":\"ListItem\",\"position\":2,\"name\":\"thankyou\"}]},{\"@type\":\"WebSite\",\"@id\":\"https:\\\/\\\/beeward.buzz\\\/#website\",\"url\":\"https:\\\/\\\/beeward.buzz\\\/\",\"name\":\"Beeward\",\"description\":\"Jobb munkahelyi kapcsolatokat \u00e9p\u00edt\u00fcnk, elismer\u00e9s, motiv\u00e1ci\u00f3, jutalmaz\u00e1s\",\"publisher\":{\"@id\":\"https:\\\/\\\/beeward.buzz\\\/#organization\"},\"potentialAction\":[{\"@type\":\"SearchAction\",\"target\":{\"@type\":\"EntryPoint\",\"urlTemplate\":\"https:\\\/\\\/beeward.buzz\\\/?s={search_term_string}\"},\"query-input\":{\"@type\":\"PropertyValueSpecification\",\"valueRequired\":true,\"valueName\":\"search_term_string\"}}],\"inLanguage\":\"en-US\"},{\"@type\":\"Organization\",\"@id\":\"https:\\\/\\\/beeward.buzz\\\/#organization\",\"name\":\"Beeward\",\"url\":\"https:\\\/\\\/beeward.buzz\\\/\",\"logo\":{\"@type\":\"ImageObject\",\"inLanguage\":\"en-US\",\"@id\":\"https:\\\/\\\/beeward.buzz\\\/#\\\/schema\\\/logo\\\/image\\\/\",\"url\":\"https:\\\/\\\/beeward.buzz\\\/wp-content\\\/uploads\\\/2024\\\/08\\\/beeward_logo_black.svg\",\"contentUrl\":\"https:\\\/\\\/beeward.buzz\\\/wp-content\\\/uploads\\\/2024\\\/08\\\/beeward_logo_black.svg\",\"width\":130,\"height\":45,\"caption\":\"Beeward\"},\"image\":{\"@id\":\"https:\\\/\\\/beeward.buzz\\\/#\\\/schema\\\/logo\\\/image\\\/\"},\"sameAs\":[\"https:\\\/\\\/www.facebook.com\\\/beeward.buzz\",\"https:\\\/\\\/www.linkedin.com\\\/company\\\/beeward\\\/\",\"https:\\\/\\\/www.instagram.com\\\/beeward.buzz\\\/\",\"https:\\\/\\\/www.tiktok.com\\\/@beeward.buzz\"]}]}<\/script>\n<!-- \/ Yoast SEO plugin. -->","yoast_head_json":{"title":"thankyou - Beeward","robots":{"index":"index","follow":"follow","max-snippet":"max-snippet:-1","max-image-preview":"max-image-preview:large","max-video-preview":"max-video-preview:-1"},"canonical":"https:\/\/beeward.buzz\/en\/thankyou\/","og_locale":"en_US","og_type":"article","og_title":"thankyou - Beeward","og_description":"K\u00f6szi a beezalmat! A k\u00f6vetkez\u0151 24 &#8211; 48 \u00f3r\u00e1ban felvessz\u00fck veled a kapcsolatot, hogy megkezdj\u00fck a k\u00f6z\u00f6s utaz\u00e1sunk a Beeward vil\u00e1g\u00e1ba! \ud83d\ude80 vissza a kezd\u0151lapra","og_url":"https:\/\/beeward.buzz\/en\/thankyou\/","og_site_name":"Beeward","article_publisher":"https:\/\/www.facebook.com\/beeward.buzz","article_modified_time":"2024-10-08T18:41:59+00:00","og_image":[{"url":"https:\/\/beeward.buzz\/wp-content\/uploads\/2024\/10\/ty.gif","type":"","width":"","height":""}],"twitter_card":"summary_large_image","twitter_misc":{"Est. reading time":"1 minute"},"schema":{"@context":"https:\/\/schema.org","@graph":[{"@type":"WebPage","@id":"https:\/\/beeward.buzz\/thankyou\/","url":"https:\/\/beeward.buzz\/thankyou\/","name":"thankyou - Beeward","isPartOf":{"@id":"https:\/\/beeward.buzz\/#website"},"primaryImageOfPage":{"@id":"https:\/\/beeward.buzz\/thankyou\/#primaryimage"},"image":{"@id":"https:\/\/beeward.buzz\/thankyou\/#primaryimage"},"thumbnailUrl":"https:\/\/beeward.buzz\/wp-content\/uploads\/2024\/10\/ty.gif","datePublished":"2024-10-08T17:42:50+00:00","dateModified":"2024-10-08T18:41:59+00:00","breadcrumb":{"@id":"https:\/\/beeward.buzz\/thankyou\/#breadcrumb"},"inLanguage":"en-US","potentialAction":[{"@type":"ReadAction","target":["https:\/\/beeward.buzz\/thankyou\/"]}]},{"@type":"ImageObject","inLanguage":"en-US","@id":"https:\/\/beeward.buzz\/thankyou\/#primaryimage","url":"https:\/\/beeward.buzz\/wp-content\/uploads\/2024\/10\/ty.gif","contentUrl":"https:\/\/beeward.buzz\/wp-content\/uploads\/2024\/10\/ty.gif"},{"@type":"BreadcrumbList","@id":"https:\/\/beeward.buzz\/thankyou\/#breadcrumb","itemListElement":[{"@type":"ListItem","position":1,"name":"Kezd\u0151lap","item":"https:\/\/beeward.buzz\/"},{"@type":"ListItem","position":2,"name":"thankyou"}]},{"@type":"WebSite","@id":"https:\/\/beeward.buzz\/#website","url":"https:\/\/beeward.buzz\/","name":"Beeward","description":"Building better workplace relationships, recognition, motivation, rewards","publisher":{"@id":"https:\/\/beeward.buzz\/#organization"},"potentialAction":[{"@type":"SearchAction","target":{"@type":"EntryPoint","urlTemplate":"https:\/\/beeward.buzz\/?s={search_term_string}"},"query-input":{"@type":"PropertyValueSpecification","valueRequired":true,"valueName":"search_term_string"}}],"inLanguage":"en-US"},{"@type":"Organization","@id":"https:\/\/beeward.buzz\/#organization","name":"Beeward","url":"https:\/\/beeward.buzz\/","logo":{"@type":"ImageObject","inLanguage":"en-US","@id":"https:\/\/beeward.buzz\/#\/schema\/logo\/image\/","url":"https:\/\/beeward.buzz\/wp-content\/uploads\/2024\/08\/beeward_logo_black.svg","contentUrl":"https:\/\/beeward.buzz\/wp-content\/uploads\/2024\/08\/beeward_logo_black.svg","width":130,"height":45,"caption":"Beeward"},"image":{"@id":"https:\/\/beeward.buzz\/#\/schema\/logo\/image\/"},"sameAs":["https:\/\/www.facebook.com\/beeward.buzz","https:\/\/www.linkedin.com\/company\/beeward\/","https:\/\/www.instagram.com\/beeward.buzz\/","https:\/\/www.tiktok.com\/@beeward.buzz"]}]}},"_links":{"self":[{"href":"https:\/\/beeward.buzz\/en\/wp-json\/wp\/v2\/pages\/4480","targetHints":{"allow":["GET"]}}],"collection":[{"href":"https:\/\/beeward.buzz\/en\/wp-json\/wp\/v2\/pages"}],"about":[{"href":"https:\/\/beeward.buzz\/en\/wp-json\/wp\/v2\/types\/page"}],"author":[{"embeddable":true,"href":"https:\/\/beeward.buzz\/en\/wp-json\/wp\/v2\/users\/3"}],"replies":[{"embeddable":true,"href":"https:\/\/beeward.buzz\/en\/wp-json\/wp\/v2\/comments?post=4480"}],"version-history":[{"count":0,"href":"https:\/\/beeward.buzz\/en\/wp-json\/wp\/v2\/pages\/4480\/revisions"}],"wp:attachment":[{"href":"https:\/\/beeward.buzz\/en\/wp-json\/wp\/v2\/media?parent=4480"}],"curies":[{"name":"wp","href":"https:\/\/api.w.org\/{rel}","templated":true}]}}